{"id":453,"date":"2025-05-22T06:12:11","date_gmt":"2025-05-22T06:12:11","guid":{"rendered":"https:\/\/albertodelcerro.com\/?page_id=453"},"modified":"2026-04-14T12:43:05","modified_gmt":"2026-04-14T12:43:05","slug":"sobre-nosotros","status":"publish","type":"page","link":"https:\/\/albertodelcerro.com\/en\/sobre-nosotros\/","title":{"rendered":"About Us"},"content":{"rendered":"<div data-elementor-type=\"wp-page\" data-elementor-id=\"453\" class=\"elementor elementor-453\" data-elementor-post-type=\"page\">\n\t\t\t\t<div class=\"elementor-element elementor-element-8830650 e-con-full e-flex e-con e-parent\" data-id=\"8830650\" data-element_type=\"container\" data-e-type=\"container\" data-settings=\"{&quot;background_background&quot;:&quot;classic&quot;}\">\n\t\t\t\t<div class=\"elementor-element elementor-element-7d0d58a animated-slow elementor-invisible elementor-widget elementor-widget-heading\" data-id=\"7d0d58a\" data-element_type=\"widget\" data-e-type=\"widget\" data-settings=\"{&quot;_animation&quot;:&quot;fadeInUp&quot;}\" data-widget_type=\"heading.default\">\n\t\t\t\t<div class=\"elementor-widget-container\">\n\t\t\t\t\t<h2 class=\"elementor-heading-title elementor-size-default\">ABOUT US<\/h2>\t\t\t\t<\/div>\n\t\t\t\t<\/div>\n\t\t\t\t<div class=\"elementor-element elementor-element-094a63f animated-slow elementor-invisible elementor-widget elementor-widget-heading\" data-id=\"094a63f\" data-element_type=\"widget\" data-e-type=\"widget\" data-settings=\"{&quot;_animation&quot;:&quot;fadeInUp&quot;}\" data-widget_type=\"heading.default\">\n\t\t\t\t<div class=\"elementor-widget-container\">\n\t\t\t\t\t<h1 class=\"elementor-heading-title elementor-size-default\"> 40 years with<br> lemon flavor.<\/h1>\t\t\t\t<\/div>\n\t\t\t\t<\/div>\n\t\t\t\t<\/div>\n\t\t<div class=\"elementor-element elementor-element-b3980fb e-con-full e-flex e-con e-parent\" data-id=\"b3980fb\" data-element_type=\"container\" data-e-type=\"container\">\n\t\t<div class=\"elementor-element elementor-element-98f0731 e-con-full e-flex e-con e-child\" data-id=\"98f0731\" data-element_type=\"container\" data-e-type=\"container\">\n\t\t\t\t<div class=\"elementor-element elementor-element-c0307d6 elementor-widget__width-initial elementor-widget elementor-widget-heading\" data-id=\"c0307d6\" data-element_type=\"widget\" data-e-type=\"widget\" data-widget_type=\"heading.default\">\n\t\t\t\t<div class=\"elementor-widget-container\">\n\t\t\t\t\t<h3 class=\"elementor-heading-title elementor-size-default\">We were born from effort, we grew with tradition<\/h3>\t\t\t\t<\/div>\n\t\t\t\t<\/div>\n\t\t\t\t<div class=\"elementor-element elementor-element-8836b7d elementor-widget__width-initial elementor-widget elementor-widget-heading\" data-id=\"8836b7d\" data-element_type=\"widget\" data-e-type=\"widget\" data-widget_type=\"heading.default\">\n\t\t\t\t<div class=\"elementor-widget-container\">\n\t\t\t\t\t<h3 class=\"elementor-heading-title elementor-size-default\">Hijos de Alberto del Cerro is a family business with more than 40 years of experience, dedicated to the cultivation and marketing of lemons.<\/h3>\t\t\t\t<\/div>\n\t\t\t\t<\/div>\n\t\t\t\t<\/div>\n\t\t<div class=\"elementor-element elementor-element-d3fae1f e-con-full e-flex e-con e-child\" data-id=\"d3fae1f\" data-element_type=\"container\" data-e-type=\"container\">\n\t\t\t\t<div class=\"elementor-element elementor-element-75744f6 elementor-widget__width-initial elementor-widget elementor-widget-text-editor\" data-id=\"75744f6\" data-element_type=\"widget\" data-e-type=\"widget\" data-widget_type=\"text-editor.default\">\n\t\t\t\t<div class=\"elementor-widget-container\">\n\t\t\t\t\t\t\t\t\t<p>Management directly leads the key areas of the company: <b>purchasing, production and sales<\/b>, ensuring agile and efficient management. We have a <b>competent and dynamic administration department<\/b>, as well as our own highly qualified field and warehouse staff.<\/p><p>In addition, we have a <b>specialized agricultural department<\/b>, which continuously advises all our producers to ensure responsible, sustainable and efficient cultivation.<\/p>\t\t\t\t\t\t\t\t<\/div>\n\t\t\t\t<\/div>\n\t\t\t\t<\/div>\n\t\t\t\t<\/div>\n\t\t<div class=\"elementor-element elementor-element-86f929a e-con-full e-flex e-con e-parent\" data-id=\"86f929a\" data-element_type=\"container\" data-e-type=\"container\">\n\t\t<div class=\"elementor-element elementor-element-4883b85 e-con-full e-flex e-con e-child\" data-id=\"4883b85\" data-element_type=\"container\" data-e-type=\"container\">\n\t\t\t\t<div class=\"elementor-element elementor-element-42ea5b9 elementor-widget elementor-widget-heading\" data-id=\"42ea5b9\" data-element_type=\"widget\" data-e-type=\"widget\" data-widget_type=\"heading.default\">\n\t\t\t\t<div class=\"elementor-widget-container\">\n\t\t\t\t\t<h3 class=\"elementor-heading-title elementor-size-default\">Our<br> Farms<\/h3>\t\t\t\t<\/div>\n\t\t\t\t<\/div>\n\t\t\t\t<div class=\"elementor-element elementor-element-1826a20 elementor-widget elementor-widget-text-editor\" data-id=\"1826a20\" data-element_type=\"widget\" data-e-type=\"widget\" data-widget_type=\"text-editor.default\">\n\t\t\t\t<div class=\"elementor-widget-container\">\n\t\t\t\t\t\t\t\t\t<p>We work with <strong>own farms<\/strong> and with associated producers, totaling about <strong>300 hectares of cultivation<\/strong>, of which approximately <strong>100 hectares<\/strong> are directly incorporated into our group.<\/p><p>All of them are supervised by our agricultural technical team and comply with the highest standards of quality and respect for the environment, under certifications such as <strong>GLOBALG.AP, GRASP and SPRING<\/strong>.<\/p><p>We currently process around <strong>30,000 tons<\/strong> of lemon per year, with a daily capacity of up to <strong>300 tons<\/strong>.<\/p>\t\t\t\t\t\t\t\t<\/div>\n\t\t\t\t<\/div>\n\t\t\t\t<\/div>\n\t\t<div class=\"elementor-element elementor-element-9462d0b e-con-full e-flex e-con e-child\" data-id=\"9462d0b\" data-element_type=\"container\" data-e-type=\"container\" data-settings=\"{&quot;background_background&quot;:&quot;classic&quot;}\">\n\t\t\t\t<\/div>\n\t\t\t\t<\/div>\n\t\t<div class=\"elementor-element elementor-element-943633a e-con-full e-flex e-con e-parent\" data-id=\"943633a\" data-element_type=\"container\" data-e-type=\"container\">\n\t\t\t\t<div class=\"elementor-element elementor-element-c1c2ebb elementor-widget elementor-widget-video\" data-id=\"c1c2ebb\" data-element_type=\"widget\" data-e-type=\"widget\" data-settings=\"{&quot;video_type&quot;:&quot;hosted&quot;,&quot;autoplay&quot;:&quot;yes&quot;,&quot;mute&quot;:&quot;yes&quot;,&quot;loop&quot;:&quot;yes&quot;,&quot;play_on_mobile&quot;:&quot;yes&quot;,&quot;controls&quot;:&quot;yes&quot;}\" data-widget_type=\"video.default\">\n\t\t\t\t<div class=\"elementor-widget-container\">\n\t\t\t\t\t\t\t<div class=\"e-hosted-video elementor-wrapper elementor-open-inline\">\n\t\t\t\t\t<video class=\"elementor-video\" src=\"https:\/\/albertodelcerro.com\/wp-content\/uploads\/2026\/04\/Sobre_Nosotros-Hijos_de_alberto-del-cerro.mp4\" autoplay=\"\" loop=\"\" controls=\"\" muted=\"muted\" playsinline=\"\" controlslist=\"nodownload\"><\/video>\n\t\t\t\t<\/div>\n\t\t\t\t\t\t<\/div>\n\t\t\t\t<\/div>\n\t\t\t\t<\/div>\n\t\t<div class=\"elementor-element elementor-element-58b27f0 e-con-full e-flex e-con e-parent\" data-id=\"58b27f0\" data-element_type=\"container\" data-e-type=\"container\">\n\t\t<div class=\"elementor-element elementor-element-6b74175 e-con-full e-flex e-con e-child\" data-id=\"6b74175\" data-element_type=\"container\" data-e-type=\"container\" data-settings=\"{&quot;background_background&quot;:&quot;classic&quot;}\">\n\t\t\t\t<\/div>\n\t\t<div class=\"elementor-element elementor-element-2db09ac e-con-full e-flex e-con e-child\" data-id=\"2db09ac\" data-element_type=\"container\" data-e-type=\"container\">\n\t\t\t\t<div class=\"elementor-element elementor-element-b684fc0 elementor-widget elementor-widget-heading\" data-id=\"b684fc0\" data-element_type=\"widget\" data-e-type=\"widget\" data-widget_type=\"heading.default\">\n\t\t\t\t<div class=\"elementor-widget-container\">\n\t\t\t\t\t<h3 class=\"elementor-heading-title elementor-size-default\">Our<br> Facilities<\/h3>\t\t\t\t<\/div>\n\t\t\t\t<\/div>\n\t\t\t\t<div class=\"elementor-element elementor-element-ea68c93 elementor-widget elementor-widget-text-editor\" data-id=\"ea68c93\" data-element_type=\"widget\" data-e-type=\"widget\" data-widget_type=\"text-editor.default\">\n\t\t\t\t<div class=\"elementor-widget-container\">\n\t\t\t\t\t\t\t\t\t<p>We have<strong> separate facilities<\/strong> for product <strong>conventional and organic<\/strong>, which guarantees the <strong>absence of cross-contamination<\/strong> and full traceability.<\/p><p>Our production lines are equipped with <strong>cutting-edge technology<\/strong>, prepared to adapt to all market formats and needs. These facilities are certified under the most demanding protocols: <strong>IFS, BRC, Organic Farming, ISO 14001 and GLOBALG.AP<\/strong><\/p><p>We offer lemons 12 months a year, in three main lines:<\/p><ul><li><strong>Conventional lemon with treatment<\/strong><\/li><li><strong>Conventional untreated lemon<\/strong><\/li><li><strong>Organic lemon<\/strong><\/li><\/ul>\t\t\t\t\t\t\t\t<\/div>\n\t\t\t\t<\/div>\n\t\t\t\t<\/div>\n\t\t\t\t<\/div>\n\t\t<div class=\"elementor-element elementor-element-0e6e94d e-con-full e-flex e-con e-parent\" data-id=\"0e6e94d\" data-element_type=\"container\" data-e-type=\"container\" data-settings=\"{&quot;background_background&quot;:&quot;classic&quot;}\">\n\t\t\t\t<div class=\"elementor-element elementor-element-e8902e6 elementor-widget elementor-widget-image-carousel\" data-id=\"e8902e6\" data-element_type=\"widget\" data-e-type=\"widget\" data-settings=\"{&quot;navigation&quot;:&quot;none&quot;,&quot;image_spacing_custom&quot;:{&quot;unit&quot;:&quot;px&quot;,&quot;size&quot;:30,&quot;sizes&quot;:[]},&quot;autoplay&quot;:&quot;yes&quot;,&quot;autoplay_speed&quot;:5000,&quot;infinite&quot;:&quot;yes&quot;,&quot;speed&quot;:500,&quot;image_spacing_custom_tablet&quot;:{&quot;unit&quot;:&quot;px&quot;,&quot;size&quot;:&quot;&quot;,&quot;sizes&quot;:[]},&quot;image_spacing_custom_mobile&quot;:{&quot;unit&quot;:&quot;px&quot;,&quot;size&quot;:&quot;&quot;,&quot;sizes&quot;:[]}}\" data-widget_type=\"image-carousel.default\">\n\t\t\t\t<div class=\"elementor-widget-container\">\n\t\t\t\t\t\t\t<div class=\"elementor-image-carousel-wrapper swiper\" role=\"region\" aria-roledescription=\"carousel\" aria-label=\"Image carousel\" dir=\"ltr\">\n\t\t\t<div class=\"elementor-image-carousel swiper-wrapper\" aria-live=\"off\">\n\t\t\t\t\t\t\t\t<div class=\"swiper-slide\" role=\"group\" aria-roledescription=\"slide\" aria-label=\"1 of 8\" data-no-translation-aria-label=\"\"><figure class=\"swiper-slide-inner\"><img decoding=\"async\" class=\"swiper-slide-image\" src=\"https:\/\/albertodelcerro.com\/wp-content\/uploads\/2025\/06\/DSC_5602-as-Smart-Object-1_2-copia.jpg\" alt=\"DSC_5602 as Smart Object-1_2 copia\" \/><\/figure><\/div><div class=\"swiper-slide\" role=\"group\" aria-roledescription=\"slide\" aria-label=\"2 of 8\" data-no-translation-aria-label=\"\"><figure class=\"swiper-slide-inner\"><img decoding=\"async\" class=\"swiper-slide-image\" src=\"https:\/\/albertodelcerro.com\/wp-content\/uploads\/2025\/07\/IMG_4819.jpg\" alt=\"IMG_4819\" \/><\/figure><\/div><div class=\"swiper-slide\" role=\"group\" aria-roledescription=\"slide\" aria-label=\"3 of 8\" data-no-translation-aria-label=\"\"><figure class=\"swiper-slide-inner\"><img decoding=\"async\" class=\"swiper-slide-image\" src=\"https:\/\/albertodelcerro.com\/wp-content\/uploads\/2025\/07\/IMG_4823.jpg\" alt=\"IMG_4823\" \/><\/figure><\/div><div class=\"swiper-slide\" role=\"group\" aria-roledescription=\"slide\" aria-label=\"4 of 8\" data-no-translation-aria-label=\"\"><figure class=\"swiper-slide-inner\"><img decoding=\"async\" class=\"swiper-slide-image\" src=\"https:\/\/albertodelcerro.com\/wp-content\/uploads\/2025\/07\/IMG_4820.jpg\" alt=\"IMG_4820\" \/><\/figure><\/div><div class=\"swiper-slide\" role=\"group\" aria-roledescription=\"slide\" aria-label=\"5 of 8\" data-no-translation-aria-label=\"\"><figure class=\"swiper-slide-inner\"><img decoding=\"async\" class=\"swiper-slide-image\" src=\"https:\/\/albertodelcerro.com\/wp-content\/uploads\/2025\/07\/IMG_4818.jpg\" alt=\"IMG_4818\" \/><\/figure><\/div><div class=\"swiper-slide\" role=\"group\" aria-roledescription=\"slide\" aria-label=\"6 of 8\" data-no-translation-aria-label=\"\"><figure class=\"swiper-slide-inner\"><img decoding=\"async\" class=\"swiper-slide-image\" src=\"https:\/\/albertodelcerro.com\/wp-content\/uploads\/2026\/04\/foto-anadir-instalaciones.jpg\" alt=\"foto a\u00f1adir instalaciones\" \/><\/figure><\/div><div class=\"swiper-slide\" role=\"group\" aria-roledescription=\"slide\" aria-label=\"7 of 8\" data-no-translation-aria-label=\"\"><figure class=\"swiper-slide-inner\"><img decoding=\"async\" class=\"swiper-slide-image\" src=\"https:\/\/albertodelcerro.com\/wp-content\/uploads\/2026\/04\/instalacion-bio.jpg\" alt=\"instalacion bio\" \/><\/figure><\/div><div class=\"swiper-slide\" role=\"group\" aria-roledescription=\"slide\" aria-label=\"8 of 8\" data-no-translation-aria-label=\"\"><figure class=\"swiper-slide-inner\"><img decoding=\"async\" class=\"swiper-slide-image\" src=\"https:\/\/albertodelcerro.com\/wp-content\/uploads\/2025\/06\/DSC_5623-as-Smart-Object-1.jpg\" alt=\"DSC_5623 as Smart Object-1\" \/><\/figure><\/div>\t\t\t<\/div>\n\t\t\t\t\t\t\t\n\t\t\t\t\t\t\t\t\t<\/div>\n\t\t\t\t\t\t<\/div>\n\t\t\t\t<\/div>\n\t\t\t\t<\/div>\n\t\t\t\t<\/div>","protected":false},"excerpt":{"rendered":"<p>SOBRE NOSOTROS 40 a\u00f1os con sabor a lim\u00f3n. Nacimos del esfuerzo, crecimos con la tradici\u00f3n Hijos de Alberto del Cerro es una empresa familiar con m\u00e1s de 40 a\u00f1os de experiencia, dedicada al cultivo y comercializaci\u00f3n del lim\u00f3n. La gerencia lidera directamente las \u00e1reas clave de la empresa: compras, producci\u00f3n y ventas, garantizando una gesti\u00f3n [&hellip;]<\/p>\n","protected":false},"author":1,"featured_media":0,"parent":0,"menu_order":0,"comment_status":"closed","ping_status":"closed","template":"","meta":{"footnotes":""},"class_list":["post-453","page","type-page","status-publish","hentry"],"yoast_head":"<!-- This site is optimized with the Yoast SEO plugin v27.4 - https:\/\/yoast.com\/product\/yoast-seo-wordpress\/ -->\n<title>Sobre Nosotros - Hijos de Alberto del Cerro<\/title>\n<meta name=\"robots\" content=\"index, follow, max-snippet:-1, max-image-preview:large, max-video-preview:-1\" \/>\n<link rel=\"canonical\" href=\"https:\/\/albertodelcerro.com\/en\/sobre-nosotros\/\" \/>\n<meta property=\"og:locale\" content=\"en_GB\" \/>\n<meta property=\"og:type\" content=\"article\" \/>\n<meta property=\"og:title\" content=\"Sobre Nosotros - Hijos de Alberto del Cerro\" \/>\n<meta property=\"og:description\" content=\"SOBRE NOSOTROS 40 a\u00f1os con sabor a lim\u00f3n. Nacimos del esfuerzo, crecimos con la tradici\u00f3n Hijos de Alberto del Cerro es una empresa familiar con m\u00e1s de 40 a\u00f1os de experiencia, dedicada al cultivo y comercializaci\u00f3n del lim\u00f3n. La gerencia lidera directamente las \u00e1reas clave de la empresa: compras, producci\u00f3n y ventas, garantizando una gesti\u00f3n [&hellip;]\" \/>\n<meta property=\"og:url\" content=\"https:\/\/albertodelcerro.com\/en\/sobre-nosotros\/\" \/>\n<meta property=\"og:site_name\" content=\"Hijos de Alberto del Cerro\" \/>\n<meta property=\"article:modified_time\" content=\"2026-04-14T12:43:05+00:00\" \/>\n<meta property=\"og:image\" content=\"https:\/\/albertodelcerro.com\/wp-content\/uploads\/2025\/06\/DSC_5602-as-Smart-Object-1_2-copia.jpg\" \/>\n<meta name=\"twitter:card\" content=\"summary_large_image\" \/>\n<meta name=\"twitter:label1\" content=\"Estimated reading time\" \/>\n\t<meta name=\"twitter:data1\" content=\"5 minutes\" \/>\n<script type=\"application\/ld+json\" class=\"yoast-schema-graph\">{\"@context\":\"https:\\\/\\\/schema.org\",\"@graph\":[{\"@type\":\"WebPage\",\"@id\":\"https:\\\/\\\/albertodelcerro.com\\\/sobre-nosotros\\\/\",\"url\":\"https:\\\/\\\/albertodelcerro.com\\\/sobre-nosotros\\\/\",\"name\":\"Sobre Nosotros - Hijos de Alberto del Cerro\",\"isPartOf\":{\"@id\":\"https:\\\/\\\/albertodelcerro.com\\\/#website\"},\"primaryImageOfPage\":{\"@id\":\"https:\\\/\\\/albertodelcerro.com\\\/sobre-nosotros\\\/#primaryimage\"},\"image\":{\"@id\":\"https:\\\/\\\/albertodelcerro.com\\\/sobre-nosotros\\\/#primaryimage\"},\"thumbnailUrl\":\"https:\\\/\\\/albertodelcerro.com\\\/wp-content\\\/uploads\\\/2025\\\/06\\\/DSC_5602-as-Smart-Object-1_2-copia.jpg\",\"datePublished\":\"2025-05-22T06:12:11+00:00\",\"dateModified\":\"2026-04-14T12:43:05+00:00\",\"breadcrumb\":{\"@id\":\"https:\\\/\\\/albertodelcerro.com\\\/sobre-nosotros\\\/#breadcrumb\"},\"inLanguage\":\"en-GB\",\"potentialAction\":[{\"@type\":\"ReadAction\",\"target\":[\"https:\\\/\\\/albertodelcerro.com\\\/sobre-nosotros\\\/\"]}]},{\"@type\":\"ImageObject\",\"inLanguage\":\"en-GB\",\"@id\":\"https:\\\/\\\/albertodelcerro.com\\\/sobre-nosotros\\\/#primaryimage\",\"url\":\"https:\\\/\\\/albertodelcerro.com\\\/wp-content\\\/uploads\\\/2025\\\/06\\\/DSC_5602-as-Smart-Object-1_2-copia.jpg\",\"contentUrl\":\"https:\\\/\\\/albertodelcerro.com\\\/wp-content\\\/uploads\\\/2025\\\/06\\\/DSC_5602-as-Smart-Object-1_2-copia.jpg\"},{\"@type\":\"BreadcrumbList\",\"@id\":\"https:\\\/\\\/albertodelcerro.com\\\/sobre-nosotros\\\/#breadcrumb\",\"itemListElement\":[{\"@type\":\"ListItem\",\"position\":1,\"name\":\"Portada\",\"item\":\"https:\\\/\\\/albertodelcerro.com\\\/\"},{\"@type\":\"ListItem\",\"position\":2,\"name\":\"Sobre Nosotros\"}]},{\"@type\":\"WebSite\",\"@id\":\"https:\\\/\\\/albertodelcerro.com\\\/#website\",\"url\":\"https:\\\/\\\/albertodelcerro.com\\\/\",\"name\":\"Hijos de Alberto del Cerro\",\"description\":\"\",\"publisher\":{\"@id\":\"https:\\\/\\\/albertodelcerro.com\\\/#organization\"},\"potentialAction\":[{\"@type\":\"SearchAction\",\"target\":{\"@type\":\"EntryPoint\",\"urlTemplate\":\"https:\\\/\\\/albertodelcerro.com\\\/?s={search_term_string}\"},\"query-input\":{\"@type\":\"PropertyValueSpecification\",\"valueRequired\":true,\"valueName\":\"search_term_string\"}}],\"inLanguage\":\"en-GB\"},{\"@type\":\"Organization\",\"@id\":\"https:\\\/\\\/albertodelcerro.com\\\/#organization\",\"name\":\"Hijos de Alberto del Cerro\",\"url\":\"https:\\\/\\\/albertodelcerro.com\\\/\",\"logo\":{\"@type\":\"ImageObject\",\"inLanguage\":\"en-GB\",\"@id\":\"https:\\\/\\\/albertodelcerro.com\\\/#\\\/schema\\\/logo\\\/image\\\/\",\"url\":\"https:\\\/\\\/albertodelcerro.com\\\/wp-content\\\/uploads\\\/2025\\\/05\\\/Logotipo.svg\",\"contentUrl\":\"https:\\\/\\\/albertodelcerro.com\\\/wp-content\\\/uploads\\\/2025\\\/05\\\/Logotipo.svg\",\"width\":557,\"height\":229,\"caption\":\"Hijos de Alberto del Cerro\"},\"image\":{\"@id\":\"https:\\\/\\\/albertodelcerro.com\\\/#\\\/schema\\\/logo\\\/image\\\/\"}}]}<\/script>\n<!-- \/ Yoast SEO plugin. -->","yoast_head_json":{"title":"Sobre Nosotros - Hijos de Alberto del Cerro","robots":{"index":"index","follow":"follow","max-snippet":"max-snippet:-1","max-image-preview":"max-image-preview:large","max-video-preview":"max-video-preview:-1"},"canonical":"https:\/\/albertodelcerro.com\/en\/sobre-nosotros\/","og_locale":"en_GB","og_type":"article","og_title":"Sobre Nosotros - Hijos de Alberto del Cerro","og_description":"SOBRE NOSOTROS 40 a\u00f1os con sabor a lim\u00f3n. Nacimos del esfuerzo, crecimos con la tradici\u00f3n Hijos de Alberto del Cerro es una empresa familiar con m\u00e1s de 40 a\u00f1os de experiencia, dedicada al cultivo y comercializaci\u00f3n del lim\u00f3n. La gerencia lidera directamente las \u00e1reas clave de la empresa: compras, producci\u00f3n y ventas, garantizando una gesti\u00f3n [&hellip;]","og_url":"https:\/\/albertodelcerro.com\/en\/sobre-nosotros\/","og_site_name":"Hijos de Alberto del Cerro","article_modified_time":"2026-04-14T12:43:05+00:00","og_image":[{"url":"https:\/\/albertodelcerro.com\/wp-content\/uploads\/2025\/06\/DSC_5602-as-Smart-Object-1_2-copia.jpg","type":"","width":"","height":""}],"twitter_card":"summary_large_image","twitter_misc":{"Estimated reading time":"5 minutes"},"schema":{"@context":"https:\/\/schema.org","@graph":[{"@type":"WebPage","@id":"https:\/\/albertodelcerro.com\/sobre-nosotros\/","url":"https:\/\/albertodelcerro.com\/sobre-nosotros\/","name":"Sobre Nosotros - Hijos de Alberto del Cerro","isPartOf":{"@id":"https:\/\/albertodelcerro.com\/#website"},"primaryImageOfPage":{"@id":"https:\/\/albertodelcerro.com\/sobre-nosotros\/#primaryimage"},"image":{"@id":"https:\/\/albertodelcerro.com\/sobre-nosotros\/#primaryimage"},"thumbnailUrl":"https:\/\/albertodelcerro.com\/wp-content\/uploads\/2025\/06\/DSC_5602-as-Smart-Object-1_2-copia.jpg","datePublished":"2025-05-22T06:12:11+00:00","dateModified":"2026-04-14T12:43:05+00:00","breadcrumb":{"@id":"https:\/\/albertodelcerro.com\/sobre-nosotros\/#breadcrumb"},"inLanguage":"en-GB","potentialAction":[{"@type":"ReadAction","target":["https:\/\/albertodelcerro.com\/sobre-nosotros\/"]}]},{"@type":"ImageObject","inLanguage":"en-GB","@id":"https:\/\/albertodelcerro.com\/sobre-nosotros\/#primaryimage","url":"https:\/\/albertodelcerro.com\/wp-content\/uploads\/2025\/06\/DSC_5602-as-Smart-Object-1_2-copia.jpg","contentUrl":"https:\/\/albertodelcerro.com\/wp-content\/uploads\/2025\/06\/DSC_5602-as-Smart-Object-1_2-copia.jpg"},{"@type":"BreadcrumbList","@id":"https:\/\/albertodelcerro.com\/sobre-nosotros\/#breadcrumb","itemListElement":[{"@type":"ListItem","position":1,"name":"Portada","item":"https:\/\/albertodelcerro.com\/"},{"@type":"ListItem","position":2,"name":"Sobre Nosotros"}]},{"@type":"WebSite","@id":"https:\/\/albertodelcerro.com\/#website","url":"https:\/\/albertodelcerro.com\/","name":"Hijos de Alberto del Cerro","description":"","publisher":{"@id":"https:\/\/albertodelcerro.com\/#organization"},"potentialAction":[{"@type":"SearchAction","target":{"@type":"EntryPoint","urlTemplate":"https:\/\/albertodelcerro.com\/?s={search_term_string}"},"query-input":{"@type":"PropertyValueSpecification","valueRequired":true,"valueName":"search_term_string"}}],"inLanguage":"en-GB"},{"@type":"Organization","@id":"https:\/\/albertodelcerro.com\/#organization","name":"Hijos de Alberto del Cerro","url":"https:\/\/albertodelcerro.com\/","logo":{"@type":"ImageObject","inLanguage":"en-GB","@id":"https:\/\/albertodelcerro.com\/#\/schema\/logo\/image\/","url":"https:\/\/albertodelcerro.com\/wp-content\/uploads\/2025\/05\/Logotipo.svg","contentUrl":"https:\/\/albertodelcerro.com\/wp-content\/uploads\/2025\/05\/Logotipo.svg","width":557,"height":229,"caption":"Hijos de Alberto del Cerro"},"image":{"@id":"https:\/\/albertodelcerro.com\/#\/schema\/logo\/image\/"}}]}},"_links":{"self":[{"href":"https:\/\/albertodelcerro.com\/en\/wp-json\/wp\/v2\/pages\/453","targetHints":{"allow":["GET"]}}],"collection":[{"href":"https:\/\/albertodelcerro.com\/en\/wp-json\/wp\/v2\/pages"}],"about":[{"href":"https:\/\/albertodelcerro.com\/en\/wp-json\/wp\/v2\/types\/page"}],"author":[{"embeddable":true,"href":"https:\/\/albertodelcerro.com\/en\/wp-json\/wp\/v2\/users\/1"}],"replies":[{"embeddable":true,"href":"https:\/\/albertodelcerro.com\/en\/wp-json\/wp\/v2\/comments?post=453"}],"version-history":[{"count":160,"href":"https:\/\/albertodelcerro.com\/en\/wp-json\/wp\/v2\/pages\/453\/revisions"}],"predecessor-version":[{"id":1726,"href":"https:\/\/albertodelcerro.com\/en\/wp-json\/wp\/v2\/pages\/453\/revisions\/1726"}],"wp:attachment":[{"href":"https:\/\/albertodelcerro.com\/en\/wp-json\/wp\/v2\/media?parent=453"}],"curies":[{"name":"wp","href":"https:\/\/api.w.org\/{rel}","templated":true}]}}