{"id":1418,"date":"2025-07-07T22:49:36","date_gmt":"2025-07-07T22:49:36","guid":{"rendered":"https:\/\/albertodelcerro.com\/?page_id=1418"},"modified":"2025-07-09T03:00:58","modified_gmt":"2025-07-09T03:00:58","slug":"nuestras-marcas","status":"publish","type":"page","link":"https:\/\/albertodelcerro.com\/fr\/nuestras-marcas\/","title":{"rendered":"Nos marques"},"content":{"rendered":"<div data-elementor-type=\"wp-page\" data-elementor-id=\"1418\" class=\"elementor elementor-1418\" data-elementor-post-type=\"page\">\n\t\t\t\t<div class=\"elementor-element elementor-element-f468432 e-con-full e-flex e-con e-parent\" data-id=\"f468432\" data-element_type=\"container\" data-e-type=\"container\" data-settings=\"{&quot;background_background&quot;:&quot;classic&quot;}\">\n\t\t\t\t<div class=\"elementor-element elementor-element-687460f animated-slow elementor-invisible elementor-widget elementor-widget-heading\" data-id=\"687460f\" data-element_type=\"widget\" data-e-type=\"widget\" data-settings=\"{&quot;_animation&quot;:&quot;fadeInUp&quot;}\" data-widget_type=\"heading.default\">\n\t\t\t\t<div class=\"elementor-widget-container\">\n\t\t\t\t\t<h1 class=\"elementor-heading-title elementor-size-default translation-block\">Nos marques<\/h1>\t\t\t\t<\/div>\n\t\t\t\t<\/div>\n\t\t\t\t<\/div>\n\t\t<div class=\"elementor-element elementor-element-c94bcd1 e-con-full e-flex e-con e-parent\" data-id=\"c94bcd1\" data-element_type=\"container\" data-e-type=\"container\">\n\t\t<div class=\"elementor-element elementor-element-a39f2cc e-con-full e-flex e-con e-child\" data-id=\"a39f2cc\" data-element_type=\"container\" data-e-type=\"container\">\n\t\t\t\t<div class=\"elementor-element elementor-element-a52e2b9 elementor-widget__width-initial elementor-widget elementor-widget-heading\" data-id=\"a52e2b9\" data-element_type=\"widget\" data-e-type=\"widget\" data-widget_type=\"heading.default\">\n\t\t\t\t<div class=\"elementor-widget-container\">\n\t\t\t\t\t<h3 class=\"elementor-heading-title elementor-size-default\">Des marques \u00e0 forte identit\u00e9<\/h3>\t\t\t\t<\/div>\n\t\t\t\t<\/div>\n\t\t\t\t<div class=\"elementor-element elementor-element-d6a987a elementor-widget__width-initial elementor-widget elementor-widget-heading\" data-id=\"d6a987a\" data-element_type=\"widget\" data-e-type=\"widget\" data-widget_type=\"heading.default\">\n\t\t\t\t<div class=\"elementor-widget-container\">\n\t\t\t\t\t<h3 class=\"elementor-heading-title elementor-size-default\">Nous faisons rayonner notre empreinte bien au-del\u00e0 des champs, en nous adaptant \u00e0 chaque client et \u00e0 chaque march\u00e9.<\/h3>\t\t\t\t<\/div>\n\t\t\t\t<\/div>\n\t\t\t\t<\/div>\n\t\t<div class=\"elementor-element elementor-element-99b32bd e-con-full e-flex e-con e-child\" data-id=\"99b32bd\" data-element_type=\"container\" data-e-type=\"container\">\n\t\t\t\t<div class=\"elementor-element elementor-element-3beba4e elementor-widget__width-initial elementor-widget elementor-widget-text-editor\" data-id=\"3beba4e\" data-element_type=\"widget\" data-e-type=\"widget\" data-widget_type=\"text-editor.default\">\n\t\t\t\t<div class=\"elementor-widget-container\">\n\t\t\t\t\t\t\t\t\t<p data-start=\"268\" data-end=\"640\">Chaque marque raconte une facette de ce que nous sommes : <strong>Tradition, confiance, p\u00e9rennit\u00e9 et innovation<\/strong>.<\/p><p data-start=\"268\" data-end=\"640\">Des propositions ax\u00e9es sur l\u2019\u00e9cologie aux marques bien \u00e9tablies sur les march\u00e9s europ\u00e9ens, toutes partagent la m\u00eame origine : notre fa\u00e7on de <strong>comprendre l\u2019agriculture<\/strong> et le <strong>respect du produit.<\/strong>.<\/p>\t\t\t\t\t\t\t\t<\/div>\n\t\t\t\t<\/div>\n\t\t\t\t<\/div>\n\t\t\t\t<\/div>\n\t\t<div class=\"elementor-element elementor-element-9f74ef8 e-con-full e-flex e-con e-parent\" data-id=\"9f74ef8\" data-element_type=\"container\" data-e-type=\"container\">\n\t\t<div class=\"elementor-element elementor-element-a81d635 e-con-full e-grid e-con e-child\" data-id=\"a81d635\" data-element_type=\"container\" data-e-type=\"container\">\n\t\t\t\t<div class=\"elementor-element elementor-element-cf2c9bf elementor-position-left elementor-vertical-align-top elementor-widget elementor-widget-image-box\" data-id=\"cf2c9bf\" data-element_type=\"widget\" data-e-type=\"widget\" data-widget_type=\"image-box.default\">\n\t\t\t\t<div class=\"elementor-widget-container\">\n\t\t\t\t\t<div class=\"elementor-image-box-wrapper\"><figure class=\"elementor-image-box-img\"><img fetchpriority=\"high\" decoding=\"async\" width=\"2084\" height=\"2084\" src=\"https:\/\/albertodelcerro.com\/wp-content\/uploads\/2025\/07\/WEBIO-IMG.png\" class=\"attachment-full size-full wp-image-1422\" alt=\"\" srcset=\"https:\/\/albertodelcerro.com\/wp-content\/uploads\/2025\/07\/WEBIO-IMG.png 2084w, https:\/\/albertodelcerro.com\/wp-content\/uploads\/2025\/07\/WEBIO-IMG-300x300.png 300w, https:\/\/albertodelcerro.com\/wp-content\/uploads\/2025\/07\/WEBIO-IMG-1024x1024.png 1024w, https:\/\/albertodelcerro.com\/wp-content\/uploads\/2025\/07\/WEBIO-IMG-150x150.png 150w, https:\/\/albertodelcerro.com\/wp-content\/uploads\/2025\/07\/WEBIO-IMG-768x768.png 768w, https:\/\/albertodelcerro.com\/wp-content\/uploads\/2025\/07\/WEBIO-IMG-1536x1536.png 1536w, https:\/\/albertodelcerro.com\/wp-content\/uploads\/2025\/07\/WEBIO-IMG-2048x2048.png 2048w\" sizes=\"(max-width: 2084px) 100vw, 2084px\" \/><\/figure><div class=\"elementor-image-box-content\"><h3 class=\"elementor-image-box-title\">WE BIO<\/h3><p class=\"elementor-image-box-description\">Webio repr\u00e9sente l\u2019alliance de notre h\u00e9ritage agricole et de l\u2019innovation durable : le fruit de d\u00e9cennies d\u2019exp\u00e9rience dans le citron, associ\u00e9es \u00e0 une vision d\u2019avenir de l\u2019agriculture biologique. Avec Webio, nous nous engageons \u00e0 offrir la m\u00eame excellence en mati\u00e8re de go\u00fbt, de fra\u00eecheur et d\u2019aspect qui caract\u00e9rise nos citrons, avec en plus la valeur ajout\u00e9e d\u2019un produit cultiv\u00e9 dans le plus grand respect de la terre.<\/p><\/div><\/div>\t\t\t\t<\/div>\n\t\t\t\t<\/div>\n\t\t\t\t<div class=\"elementor-element elementor-element-43a5104 elementor-position-left elementor-vertical-align-top elementor-widget elementor-widget-image-box\" data-id=\"43a5104\" data-element_type=\"widget\" data-e-type=\"widget\" data-widget_type=\"image-box.default\">\n\t\t\t\t<div class=\"elementor-widget-container\">\n\t\t\t\t\t<div class=\"elementor-image-box-wrapper\"><figure class=\"elementor-image-box-img\"><img decoding=\"async\" width=\"2084\" height=\"2084\" src=\"https:\/\/albertodelcerro.com\/wp-content\/uploads\/2025\/07\/BEFRUTA-IMG.png\" class=\"attachment-full size-full wp-image-1420\" alt=\"\" srcset=\"https:\/\/albertodelcerro.com\/wp-content\/uploads\/2025\/07\/BEFRUTA-IMG.png 2084w, https:\/\/albertodelcerro.com\/wp-content\/uploads\/2025\/07\/BEFRUTA-IMG-300x300.png 300w, https:\/\/albertodelcerro.com\/wp-content\/uploads\/2025\/07\/BEFRUTA-IMG-1024x1024.png 1024w, https:\/\/albertodelcerro.com\/wp-content\/uploads\/2025\/07\/BEFRUTA-IMG-150x150.png 150w, https:\/\/albertodelcerro.com\/wp-content\/uploads\/2025\/07\/BEFRUTA-IMG-768x768.png 768w, https:\/\/albertodelcerro.com\/wp-content\/uploads\/2025\/07\/BEFRUTA-IMG-1536x1536.png 1536w, https:\/\/albertodelcerro.com\/wp-content\/uploads\/2025\/07\/BEFRUTA-IMG-2048x2048.png 2048w\" sizes=\"(max-width: 2084px) 100vw, 2084px\" \/><\/figure><div class=\"elementor-image-box-content\"><h3 class=\"elementor-image-box-title\">BE FRUTA<\/h3><p class=\"elementor-image-box-description\">Fond\u00e9e en 2017, Befruta est n\u00e9e avec la mission de r\u00e9pondre \u00e0 la demande croissante de fruits frais sur les march\u00e9s d\u2019Europe de l\u2019Est, en particulier dans des pays comme la R\u00e9publique tch\u00e8que et le Royaume-Uni. Depuis ses d\u00e9buts, la marque se distingue par son engagement envers la qualit\u00e9, la fra\u00eecheur et la confiance, en s\u2019adaptant aux exigences de ses clients.\n<\/p><\/div><\/div>\t\t\t\t<\/div>\n\t\t\t\t<\/div>\n\t\t\t\t<div class=\"elementor-element elementor-element-33b7437 elementor-position-left elementor-vertical-align-top elementor-widget elementor-widget-image-box\" data-id=\"33b7437\" data-element_type=\"widget\" data-e-type=\"widget\" data-widget_type=\"image-box.default\">\n\t\t\t\t<div class=\"elementor-widget-container\">\n\t\t\t\t\t<div class=\"elementor-image-box-wrapper\"><figure class=\"elementor-image-box-img\"><img decoding=\"async\" width=\"2084\" height=\"2084\" src=\"https:\/\/albertodelcerro.com\/wp-content\/uploads\/2025\/07\/TYLER-IMG.png\" class=\"attachment-full size-full wp-image-1421\" alt=\"\" srcset=\"https:\/\/albertodelcerro.com\/wp-content\/uploads\/2025\/07\/TYLER-IMG.png 2084w, https:\/\/albertodelcerro.com\/wp-content\/uploads\/2025\/07\/TYLER-IMG-300x300.png 300w, https:\/\/albertodelcerro.com\/wp-content\/uploads\/2025\/07\/TYLER-IMG-1024x1024.png 1024w, https:\/\/albertodelcerro.com\/wp-content\/uploads\/2025\/07\/TYLER-IMG-150x150.png 150w, https:\/\/albertodelcerro.com\/wp-content\/uploads\/2025\/07\/TYLER-IMG-768x768.png 768w, https:\/\/albertodelcerro.com\/wp-content\/uploads\/2025\/07\/TYLER-IMG-1536x1536.png 1536w, https:\/\/albertodelcerro.com\/wp-content\/uploads\/2025\/07\/TYLER-IMG-2048x2048.png 2048w\" sizes=\"(max-width: 2084px) 100vw, 2084px\" \/><\/figure><div class=\"elementor-image-box-content\"><h3 class=\"elementor-image-box-title\">TYLER<\/h3><p class=\"elementor-image-box-description\">Marque d\u00e9pos\u00e9e depuis 1991, Tyler b\u00e9n\u00e9ficie d\u2019un solide parcours sur le march\u00e9 horticole et fruitier europ\u00e9en. Sa pr\u00e9sence couvre des pays cl\u00e9s tels que la France, l\u2019Allemagne et la Belgique. Reconnue pour sa fiabilit\u00e9 et sa capacit\u00e9 d\u2019adaptation, Tyler constitue un choix s\u00fbr pour les clients \u00e0 la recherche de fruits de qualit\u00e9 et d\u2019un fournisseur dot\u00e9 d\u2019une exp\u00e9rience internationale.\n<\/p><\/div><\/div>\t\t\t\t<\/div>\n\t\t\t\t<\/div>\n\t\t\t\t<div class=\"elementor-element elementor-element-6230da2 elementor-position-left elementor-vertical-align-top elementor-widget elementor-widget-image-box\" data-id=\"6230da2\" data-element_type=\"widget\" data-e-type=\"widget\" data-widget_type=\"image-box.default\">\n\t\t\t\t<div class=\"elementor-widget-container\">\n\t\t\t\t\t<div class=\"elementor-image-box-wrapper\"><figure class=\"elementor-image-box-img\"><img loading=\"lazy\" decoding=\"async\" width=\"2084\" height=\"2084\" src=\"https:\/\/albertodelcerro.com\/wp-content\/uploads\/2025\/07\/ALEN-IMG.png\" class=\"attachment-full size-full wp-image-1419\" alt=\"\" srcset=\"https:\/\/albertodelcerro.com\/wp-content\/uploads\/2025\/07\/ALEN-IMG.png 2084w, https:\/\/albertodelcerro.com\/wp-content\/uploads\/2025\/07\/ALEN-IMG-300x300.png 300w, https:\/\/albertodelcerro.com\/wp-content\/uploads\/2025\/07\/ALEN-IMG-1024x1024.png 1024w, https:\/\/albertodelcerro.com\/wp-content\/uploads\/2025\/07\/ALEN-IMG-150x150.png 150w, https:\/\/albertodelcerro.com\/wp-content\/uploads\/2025\/07\/ALEN-IMG-768x768.png 768w, https:\/\/albertodelcerro.com\/wp-content\/uploads\/2025\/07\/ALEN-IMG-1536x1536.png 1536w, https:\/\/albertodelcerro.com\/wp-content\/uploads\/2025\/07\/ALEN-IMG-2048x2048.png 2048w\" sizes=\"(max-width: 2084px) 100vw, 2084px\" \/><\/figure><div class=\"elementor-image-box-content\"><h3 class=\"elementor-image-box-title\">ALEN<\/h3><p class=\"elementor-image-box-description\">D\u2019origine en 1983, Alen est une marque historique qui rend hommage \u00e0 ses fondateurs, Alberto del Cerro Barquero et Encarnaci\u00f3n Aix Gil. Au fil des ann\u00e9es, elle a consolid\u00e9 sa pr\u00e9sence sur les march\u00e9s exigeants de la France, de l\u2019Allemagne et de la Belgique, \u00e9tant reconnue pour son parcours, sa fiabilit\u00e9 et sa qualit\u00e9 constante dans le secteur horticole et fruitier.<\/p><\/div><\/div>\t\t\t\t<\/div>\n\t\t\t\t<\/div>\n\t\t\t\t<\/div>\n\t\t\t\t<\/div>\n\t\t\t\t<\/div>","protected":false},"excerpt":{"rendered":"<p>Nuestrasmarcas Marcas con identidad Llevamos nuestro sello m\u00e1s all\u00e1 del campo, adapt\u00e1ndonos a cada cliente y mercado. Cada una de nuestras marcas refleja una parte de lo que somos: tradici\u00f3n, confianza, sostenibilidad e innovaci\u00f3n. Desde propuestas enfocadas a lo ecol\u00f3gico, hasta marcas consolidadas en mercados europeos, todas comparten un mismo origen: nuestra manera de entender [&hellip;]<\/p>\n","protected":false},"author":1,"featured_media":0,"parent":0,"menu_order":0,"comment_status":"closed","ping_status":"closed","template":"","meta":{"footnotes":""},"class_list":["post-1418","page","type-page","status-publish","hentry"],"yoast_head":"<!-- This site is optimized with the Yoast SEO plugin v27.4 - https:\/\/yoast.com\/product\/yoast-seo-wordpress\/ -->\n<title>Nuestras Marcas - Hijos de Alberto del Cerro<\/title>\n<meta name=\"robots\" content=\"index, follow, max-snippet:-1, max-image-preview:large, max-video-preview:-1\" \/>\n<link rel=\"canonical\" href=\"https:\/\/albertodelcerro.com\/fr\/nuestras-marcas\/\" \/>\n<meta property=\"og:locale\" content=\"fr_FR\" \/>\n<meta property=\"og:type\" content=\"article\" \/>\n<meta property=\"og:title\" content=\"Nuestras Marcas - Hijos de Alberto del Cerro\" \/>\n<meta property=\"og:description\" content=\"Nuestrasmarcas Marcas con identidad Llevamos nuestro sello m\u00e1s all\u00e1 del campo, adapt\u00e1ndonos a cada cliente y mercado. Cada una de nuestras marcas refleja una parte de lo que somos: tradici\u00f3n, confianza, sostenibilidad e innovaci\u00f3n. Desde propuestas enfocadas a lo ecol\u00f3gico, hasta marcas consolidadas en mercados europeos, todas comparten un mismo origen: nuestra manera de entender [&hellip;]\" \/>\n<meta property=\"og:url\" content=\"https:\/\/albertodelcerro.com\/fr\/nuestras-marcas\/\" \/>\n<meta property=\"og:site_name\" content=\"Hijos de Alberto del Cerro\" \/>\n<meta property=\"article:modified_time\" content=\"2025-07-09T03:00:58+00:00\" \/>\n<meta property=\"og:image\" content=\"https:\/\/albertodelcerro.com\/wp-content\/uploads\/2025\/07\/WEBIO-IMG.png\" \/>\n\t<meta property=\"og:image:width\" content=\"2084\" \/>\n\t<meta property=\"og:image:height\" content=\"2084\" \/>\n\t<meta property=\"og:image:type\" content=\"image\/png\" \/>\n<meta name=\"twitter:card\" content=\"summary_large_image\" \/>\n<meta name=\"twitter:label1\" content=\"Dur\u00e9e de lecture estim\u00e9e\" \/>\n\t<meta name=\"twitter:data1\" content=\"3 minutes\" \/>\n<script type=\"application\/ld+json\" class=\"yoast-schema-graph\">{\"@context\":\"https:\\\/\\\/schema.org\",\"@graph\":[{\"@type\":\"WebPage\",\"@id\":\"https:\\\/\\\/albertodelcerro.com\\\/nuestras-marcas\\\/\",\"url\":\"https:\\\/\\\/albertodelcerro.com\\\/nuestras-marcas\\\/\",\"name\":\"Nuestras Marcas - Hijos de Alberto del Cerro\",\"isPartOf\":{\"@id\":\"https:\\\/\\\/albertodelcerro.com\\\/#website\"},\"primaryImageOfPage\":{\"@id\":\"https:\\\/\\\/albertodelcerro.com\\\/nuestras-marcas\\\/#primaryimage\"},\"image\":{\"@id\":\"https:\\\/\\\/albertodelcerro.com\\\/nuestras-marcas\\\/#primaryimage\"},\"thumbnailUrl\":\"https:\\\/\\\/albertodelcerro.com\\\/wp-content\\\/uploads\\\/2025\\\/07\\\/WEBIO-IMG.png\",\"datePublished\":\"2025-07-07T22:49:36+00:00\",\"dateModified\":\"2025-07-09T03:00:58+00:00\",\"breadcrumb\":{\"@id\":\"https:\\\/\\\/albertodelcerro.com\\\/nuestras-marcas\\\/#breadcrumb\"},\"inLanguage\":\"fr-FR\",\"potentialAction\":[{\"@type\":\"ReadAction\",\"target\":[\"https:\\\/\\\/albertodelcerro.com\\\/nuestras-marcas\\\/\"]}]},{\"@type\":\"ImageObject\",\"inLanguage\":\"fr-FR\",\"@id\":\"https:\\\/\\\/albertodelcerro.com\\\/nuestras-marcas\\\/#primaryimage\",\"url\":\"https:\\\/\\\/albertodelcerro.com\\\/wp-content\\\/uploads\\\/2025\\\/07\\\/WEBIO-IMG.png\",\"contentUrl\":\"https:\\\/\\\/albertodelcerro.com\\\/wp-content\\\/uploads\\\/2025\\\/07\\\/WEBIO-IMG.png\"},{\"@type\":\"BreadcrumbList\",\"@id\":\"https:\\\/\\\/albertodelcerro.com\\\/nuestras-marcas\\\/#breadcrumb\",\"itemListElement\":[{\"@type\":\"ListItem\",\"position\":1,\"name\":\"Portada\",\"item\":\"https:\\\/\\\/albertodelcerro.com\\\/\"},{\"@type\":\"ListItem\",\"position\":2,\"name\":\"Nuestras Marcas\"}]},{\"@type\":\"WebSite\",\"@id\":\"https:\\\/\\\/albertodelcerro.com\\\/#website\",\"url\":\"https:\\\/\\\/albertodelcerro.com\\\/\",\"name\":\"Hijos de Alberto del Cerro\",\"description\":\"\",\"publisher\":{\"@id\":\"https:\\\/\\\/albertodelcerro.com\\\/#organization\"},\"potentialAction\":[{\"@type\":\"SearchAction\",\"target\":{\"@type\":\"EntryPoint\",\"urlTemplate\":\"https:\\\/\\\/albertodelcerro.com\\\/?s={search_term_string}\"},\"query-input\":{\"@type\":\"PropertyValueSpecification\",\"valueRequired\":true,\"valueName\":\"search_term_string\"}}],\"inLanguage\":\"fr-FR\"},{\"@type\":\"Organization\",\"@id\":\"https:\\\/\\\/albertodelcerro.com\\\/#organization\",\"name\":\"Hijos de Alberto del Cerro\",\"url\":\"https:\\\/\\\/albertodelcerro.com\\\/\",\"logo\":{\"@type\":\"ImageObject\",\"inLanguage\":\"fr-FR\",\"@id\":\"https:\\\/\\\/albertodelcerro.com\\\/#\\\/schema\\\/logo\\\/image\\\/\",\"url\":\"https:\\\/\\\/albertodelcerro.com\\\/wp-content\\\/uploads\\\/2025\\\/05\\\/Logotipo.svg\",\"contentUrl\":\"https:\\\/\\\/albertodelcerro.com\\\/wp-content\\\/uploads\\\/2025\\\/05\\\/Logotipo.svg\",\"width\":557,\"height\":229,\"caption\":\"Hijos de Alberto del Cerro\"},\"image\":{\"@id\":\"https:\\\/\\\/albertodelcerro.com\\\/#\\\/schema\\\/logo\\\/image\\\/\"}}]}<\/script>\n<!-- \/ Yoast SEO plugin. -->","yoast_head_json":{"title":"Nuestras Marcas - Hijos de Alberto del Cerro","robots":{"index":"index","follow":"follow","max-snippet":"max-snippet:-1","max-image-preview":"max-image-preview:large","max-video-preview":"max-video-preview:-1"},"canonical":"https:\/\/albertodelcerro.com\/fr\/nuestras-marcas\/","og_locale":"fr_FR","og_type":"article","og_title":"Nuestras Marcas - Hijos de Alberto del Cerro","og_description":"Nuestrasmarcas Marcas con identidad Llevamos nuestro sello m\u00e1s all\u00e1 del campo, adapt\u00e1ndonos a cada cliente y mercado. Cada una de nuestras marcas refleja una parte de lo que somos: tradici\u00f3n, confianza, sostenibilidad e innovaci\u00f3n. Desde propuestas enfocadas a lo ecol\u00f3gico, hasta marcas consolidadas en mercados europeos, todas comparten un mismo origen: nuestra manera de entender [&hellip;]","og_url":"https:\/\/albertodelcerro.com\/fr\/nuestras-marcas\/","og_site_name":"Hijos de Alberto del Cerro","article_modified_time":"2025-07-09T03:00:58+00:00","og_image":[{"width":2084,"height":2084,"url":"https:\/\/albertodelcerro.com\/wp-content\/uploads\/2025\/07\/WEBIO-IMG.png","type":"image\/png"}],"twitter_card":"summary_large_image","twitter_misc":{"Dur\u00e9e de lecture estim\u00e9e":"3 minutes"},"schema":{"@context":"https:\/\/schema.org","@graph":[{"@type":"WebPage","@id":"https:\/\/albertodelcerro.com\/nuestras-marcas\/","url":"https:\/\/albertodelcerro.com\/nuestras-marcas\/","name":"Nuestras Marcas - Hijos de Alberto del Cerro","isPartOf":{"@id":"https:\/\/albertodelcerro.com\/#website"},"primaryImageOfPage":{"@id":"https:\/\/albertodelcerro.com\/nuestras-marcas\/#primaryimage"},"image":{"@id":"https:\/\/albertodelcerro.com\/nuestras-marcas\/#primaryimage"},"thumbnailUrl":"https:\/\/albertodelcerro.com\/wp-content\/uploads\/2025\/07\/WEBIO-IMG.png","datePublished":"2025-07-07T22:49:36+00:00","dateModified":"2025-07-09T03:00:58+00:00","breadcrumb":{"@id":"https:\/\/albertodelcerro.com\/nuestras-marcas\/#breadcrumb"},"inLanguage":"fr-FR","potentialAction":[{"@type":"ReadAction","target":["https:\/\/albertodelcerro.com\/nuestras-marcas\/"]}]},{"@type":"ImageObject","inLanguage":"fr-FR","@id":"https:\/\/albertodelcerro.com\/nuestras-marcas\/#primaryimage","url":"https:\/\/albertodelcerro.com\/wp-content\/uploads\/2025\/07\/WEBIO-IMG.png","contentUrl":"https:\/\/albertodelcerro.com\/wp-content\/uploads\/2025\/07\/WEBIO-IMG.png"},{"@type":"BreadcrumbList","@id":"https:\/\/albertodelcerro.com\/nuestras-marcas\/#breadcrumb","itemListElement":[{"@type":"ListItem","position":1,"name":"Portada","item":"https:\/\/albertodelcerro.com\/"},{"@type":"ListItem","position":2,"name":"Nuestras Marcas"}]},{"@type":"WebSite","@id":"https:\/\/albertodelcerro.com\/#website","url":"https:\/\/albertodelcerro.com\/","name":"Hijos de Alberto del Cerro","description":"","publisher":{"@id":"https:\/\/albertodelcerro.com\/#organization"},"potentialAction":[{"@type":"SearchAction","target":{"@type":"EntryPoint","urlTemplate":"https:\/\/albertodelcerro.com\/?s={search_term_string}"},"query-input":{"@type":"PropertyValueSpecification","valueRequired":true,"valueName":"search_term_string"}}],"inLanguage":"fr-FR"},{"@type":"Organization","@id":"https:\/\/albertodelcerro.com\/#organization","name":"Hijos de Alberto del Cerro","url":"https:\/\/albertodelcerro.com\/","logo":{"@type":"ImageObject","inLanguage":"fr-FR","@id":"https:\/\/albertodelcerro.com\/#\/schema\/logo\/image\/","url":"https:\/\/albertodelcerro.com\/wp-content\/uploads\/2025\/05\/Logotipo.svg","contentUrl":"https:\/\/albertodelcerro.com\/wp-content\/uploads\/2025\/05\/Logotipo.svg","width":557,"height":229,"caption":"Hijos de Alberto del Cerro"},"image":{"@id":"https:\/\/albertodelcerro.com\/#\/schema\/logo\/image\/"}}]}},"_links":{"self":[{"href":"https:\/\/albertodelcerro.com\/fr\/wp-json\/wp\/v2\/pages\/1418","targetHints":{"allow":["GET"]}}],"collection":[{"href":"https:\/\/albertodelcerro.com\/fr\/wp-json\/wp\/v2\/pages"}],"about":[{"href":"https:\/\/albertodelcerro.com\/fr\/wp-json\/wp\/v2\/types\/page"}],"author":[{"embeddable":true,"href":"https:\/\/albertodelcerro.com\/fr\/wp-json\/wp\/v2\/users\/1"}],"replies":[{"embeddable":true,"href":"https:\/\/albertodelcerro.com\/fr\/wp-json\/wp\/v2\/comments?post=1418"}],"version-history":[{"count":18,"href":"https:\/\/albertodelcerro.com\/fr\/wp-json\/wp\/v2\/pages\/1418\/revisions"}],"predecessor-version":[{"id":1557,"href":"https:\/\/albertodelcerro.com\/fr\/wp-json\/wp\/v2\/pages\/1418\/revisions\/1557"}],"wp:attachment":[{"href":"https:\/\/albertodelcerro.com\/fr\/wp-json\/wp\/v2\/media?parent=1418"}],"curies":[{"name":"wp","href":"https:\/\/api.w.org\/{rel}","templated":true}]}}