{"id":1439,"date":"2025-07-09T00:45:18","date_gmt":"2025-07-09T00:45:18","guid":{"rendered":"https:\/\/albertodelcerro.com\/?page_id=1439"},"modified":"2025-07-09T00:45:18","modified_gmt":"2025-07-09T00:45:18","slug":"politica-de-privacidad","status":"publish","type":"page","link":"https:\/\/albertodelcerro.com\/fr\/politica-de-privacidad\/","title":{"rendered":"politique de confidentialit\u00e9"},"content":{"rendered":"<p>1. INFORMATIONS \u00c0 L&#039;UTILISATEUR<\/p>\n\n\n\n<p>Qui est responsable du traitement de vos donn\u00e9es personnelles ?<\/p>\n\n\n\n<p>HIJOS DE ALBERTO DEL CERRO, SL est le RESPONSABLE des donn\u00e9es personnelles de l&#039;UTILISATEUR et vous informe que ces donn\u00e9es seront trait\u00e9es conform\u00e9ment aux dispositions du r\u00e8glement (UE) 2016\/679 du 27 avril (RGPD) et de la loi organique 3\/2018 du 5 d\u00e9cembre (LOPDGDD).<\/p>\n\n\n\n<p>Pourquoi traitons-nous vos donn\u00e9es personnelles et pourquoi le faisons-nous ?<\/p>\n\n\n\n<p>En fonction de la forme sous laquelle nous avons obtenu vos donn\u00e9es personnelles, nous les traiterons de mani\u00e8re confidentielle aux fins suivantes :<\/p>\n\n\n\n<p>Dans le formulaire de contact<\/p>\n\n\n\n<p>R\u00e9pondre aux questions ou \u00e0 tout type de demande formul\u00e9e par l&#039;utilisateur via l&#039;un des formulaires de contact mis \u00e0 disposition sur le site Internet du responsable du traitement. (pour l&#039;int\u00e9r\u00eat l\u00e9gitime du responsable du traitement, art. 6.1.f RGPD)<\/p>\n\n\n\n<p>R\u00e9alisation d&#039;analyses statistiques et d&#039;\u00e9tudes de march\u00e9 (pour l&#039;int\u00e9r\u00eat l\u00e9gitime du responsable du traitement, art. 6.1.f RGPD)<\/p>\n\n\n\n<p>Combien de temps conserverons-nous vos donn\u00e9es personnelles ?<\/p>\n\n\n\n<p>Elles ne seront conserv\u00e9es que pendant la dur\u00e9e n\u00e9cessaire \u00e0 la r\u00e9alisation de la finalit\u00e9 du traitement ou aussi longtemps que les exigences l\u00e9gales l&#039;exigent. Lorsqu&#039;elles ne seront plus n\u00e9cessaires, elles seront supprim\u00e9es avec des mesures de s\u00e9curit\u00e9 appropri\u00e9es pour garantir leur anonymisation ou leur destruction compl\u00e8te.<\/p>\n\n\n\n<p>\u00c0 qui fournissons-nous vos donn\u00e9es personnelles ?<\/p>\n\n\n\n<p>Aucune donn\u00e9e personnelle ne sera partag\u00e9e avec des tiers, sauf, si n\u00e9cessaire pour le d\u00e9veloppement et l&#039;ex\u00e9cution des finalit\u00e9s de traitement, \u00e0 nos prestataires de services de communication, avec lesquels le RESPONSABLE a sign\u00e9 les accords de confidentialit\u00e9 et de traitement des donn\u00e9es requis par la r\u00e9glementation en vigueur en mati\u00e8re de confidentialit\u00e9.<\/p>\n\n\n\n<p>Quels sont vos droits ?<\/p>\n\n\n\n<p>Les droits qui assistent l&#039;UTILISATEUR sont :<\/p>\n\n\n\n<p>Droit de retirer son consentement \u00e0 tout moment.<\/p>\n\n\n\n<p>Droit d\u2019acc\u00e8s, de rectification, de portabilit\u00e9 et d\u2019effacement de vos donn\u00e9es, ainsi que de limitation ou d\u2019opposition \u00e0 leur traitement.<\/p>\n\n\n\n<p>Le droit de d\u00e9poser une plainte aupr\u00e8s de l&#039;autorit\u00e9 de contr\u00f4le (www.aepd.es) si vous estimez que le traitement n&#039;est pas conforme \u00e0 la r\u00e9glementation en vigueur.<\/p>\n\n\n\n<p>Coordonn\u00e9es pour exercer vos droits :<\/p>\n\n\n\n<p>FILS D&#039;ALBERTO DEL CERRO, SL. C\/ Maire n\u00b0 372, \u2013 30139 El Raal (Murcie). Courriel : info@albertodelcerro.com<\/p>\n\n\n\n<p>2. CARACT\u00c8RE OBLIGATOIRE OU FACULTATIF DES INFORMATIONS FOURNIES PAR L&#039;UTILISATEUR<\/p>\n\n\n\n<p>En cochant les cases correspondantes et en saisissant les donn\u00e9es dans les champs marqu\u00e9s d&#039;un ast\u00e9risque (*) du formulaire de contact ou des formulaires de t\u00e9l\u00e9chargement, l&#039;UTILISATEUR reconna\u00eet express\u00e9ment, librement et sans \u00e9quivoque que ses donn\u00e9es sont n\u00e9cessaires au prestataire pour r\u00e9pondre \u00e0 sa demande. La saisie des donn\u00e9es dans les autres champs est facultative. L&#039;UTILISATEUR garantit l&#039;exactitude des donn\u00e9es personnelles fournies au RESPONSABLE DU TRAITEMENT et s&#039;engage \u00e0 communiquer toute modification de ces donn\u00e9es.<\/p>\n\n\n\n<p>Le RESPONSABLE DU TRAITEMENT vous informe que toutes les donn\u00e9es demand\u00e9es sur le site web sont obligatoires, car elles sont n\u00e9cessaires pour fournir \u00e0 l&#039;UTILISATEUR un service optimal. \u00c0 d\u00e9faut de fournir toutes les donn\u00e9es, il ne peut \u00eatre garanti que les informations et services fournis seront parfaitement adapt\u00e9s \u00e0 vos besoins.<\/p>\n\n\n\n<p>3. MESURES DE S\u00c9CURIT\u00c9<\/p>\n\n\n\n<p>Que conform\u00e9ment aux dispositions de la r\u00e9glementation en vigueur en mati\u00e8re de protection des donn\u00e9es personnelles, le RESPONSABLE se conforme \u00e0 toutes les dispositions des r\u00e9glementations GDPR et LOPDGDD pour le traitement des donn\u00e9es personnelles sous sa responsabilit\u00e9, et manifestement aux principes d\u00e9crits \u00e0 l&#039;article 5 du GDPR, par lesquels elles sont trait\u00e9es de mani\u00e8re licite, loyale et transparente par rapport \u00e0 la personne concern\u00e9e et ad\u00e9quates, pertinentes et limit\u00e9es \u00e0 ce qui est n\u00e9cessaire au regard des finalit\u00e9s pour lesquelles elles sont trait\u00e9es.<\/p>\n\n\n\n<p>Le RESPONSABLE garantit qu&#039;il a mis en \u0153uvre des politiques techniques et organisationnelles appropri\u00e9es pour appliquer les mesures de s\u00e9curit\u00e9 \u00e9tablies par le RGPD et la LOPDGDD (Loi espagnole sur la protection des donn\u00e9es) pour prot\u00e9ger les droits et libert\u00e9s des UTILISATEURS et leur a fourni les informations appropri\u00e9es pour qu&#039;ils puissent les exercer.<\/p>\n\n\n\n<p>Pour plus d&#039;informations sur les garanties de confidentialit\u00e9, vous pouvez contacter le CONTR\u00d4LEUR de HIJOS DE ALBERTO DEL CERRO, SL. C\/ Maire N\u00ba 372, \u2013 30139 El Raal (Murcie). Courriel : info@albertodelcerro.com<\/p>","protected":false},"excerpt":{"rendered":"<p>1. INFORMACI\u00d3N AL USUARIO \u00bfQui\u00e9n es el responsable del tratamiento de tus datos personales? HIJOS DE ALBERTO DEL CERRO, S.L. es el RESPONSABLE del tratamiento de los datos personales del USUARIO y le informa de que estos datos ser\u00e1n tratados de conformidad con lo dispuesto en el Reglamento (UE) 2016\/679, de 27 de abril (GDPR), [&hellip;]<\/p>\n","protected":false},"author":1,"featured_media":0,"parent":0,"menu_order":0,"comment_status":"closed","ping_status":"closed","template":"","meta":{"footnotes":""},"class_list":["post-1439","page","type-page","status-publish","hentry"],"yoast_head":"<!-- This site is optimized with the Yoast SEO plugin v27.4 - https:\/\/yoast.com\/product\/yoast-seo-wordpress\/ -->\n<title>Pol\u00edtica de privacidad - Hijos de Alberto del Cerro<\/title>\n<meta name=\"robots\" content=\"index, follow, max-snippet:-1, max-image-preview:large, max-video-preview:-1\" \/>\n<link rel=\"canonical\" href=\"https:\/\/albertodelcerro.com\/fr\/politica-de-privacidad\/\" \/>\n<meta property=\"og:locale\" content=\"fr_FR\" \/>\n<meta property=\"og:type\" content=\"article\" \/>\n<meta property=\"og:title\" content=\"Pol\u00edtica de privacidad - Hijos de Alberto del Cerro\" \/>\n<meta property=\"og:description\" content=\"1. INFORMACI\u00d3N AL USUARIO \u00bfQui\u00e9n es el responsable del tratamiento de tus datos personales? HIJOS DE ALBERTO DEL CERRO, S.L. es el RESPONSABLE del tratamiento de los datos personales del USUARIO y le informa de que estos datos ser\u00e1n tratados de conformidad con lo dispuesto en el Reglamento (UE) 2016\/679, de 27 de abril (GDPR), [&hellip;]\" \/>\n<meta property=\"og:url\" content=\"https:\/\/albertodelcerro.com\/fr\/politica-de-privacidad\/\" \/>\n<meta property=\"og:site_name\" content=\"Hijos de Alberto del Cerro\" \/>\n<meta name=\"twitter:card\" content=\"summary_large_image\" \/>\n<meta name=\"twitter:label1\" content=\"Dur\u00e9e de lecture estim\u00e9e\" \/>\n\t<meta name=\"twitter:data1\" content=\"4 minutes\" \/>\n<script type=\"application\/ld+json\" class=\"yoast-schema-graph\">{\"@context\":\"https:\\\/\\\/schema.org\",\"@graph\":[{\"@type\":\"WebPage\",\"@id\":\"https:\\\/\\\/albertodelcerro.com\\\/politica-de-privacidad\\\/\",\"url\":\"https:\\\/\\\/albertodelcerro.com\\\/politica-de-privacidad\\\/\",\"name\":\"Pol\u00edtica de privacidad - Hijos de Alberto del Cerro\",\"isPartOf\":{\"@id\":\"https:\\\/\\\/albertodelcerro.com\\\/#website\"},\"datePublished\":\"2025-07-09T00:45:18+00:00\",\"breadcrumb\":{\"@id\":\"https:\\\/\\\/albertodelcerro.com\\\/politica-de-privacidad\\\/#breadcrumb\"},\"inLanguage\":\"fr-FR\",\"potentialAction\":[{\"@type\":\"ReadAction\",\"target\":[\"https:\\\/\\\/albertodelcerro.com\\\/politica-de-privacidad\\\/\"]}]},{\"@type\":\"BreadcrumbList\",\"@id\":\"https:\\\/\\\/albertodelcerro.com\\\/politica-de-privacidad\\\/#breadcrumb\",\"itemListElement\":[{\"@type\":\"ListItem\",\"position\":1,\"name\":\"Portada\",\"item\":\"https:\\\/\\\/albertodelcerro.com\\\/\"},{\"@type\":\"ListItem\",\"position\":2,\"name\":\"Pol\u00edtica de privacidad\"}]},{\"@type\":\"WebSite\",\"@id\":\"https:\\\/\\\/albertodelcerro.com\\\/#website\",\"url\":\"https:\\\/\\\/albertodelcerro.com\\\/\",\"name\":\"Hijos de Alberto del Cerro\",\"description\":\"\",\"publisher\":{\"@id\":\"https:\\\/\\\/albertodelcerro.com\\\/#organization\"},\"potentialAction\":[{\"@type\":\"SearchAction\",\"target\":{\"@type\":\"EntryPoint\",\"urlTemplate\":\"https:\\\/\\\/albertodelcerro.com\\\/?s={search_term_string}\"},\"query-input\":{\"@type\":\"PropertyValueSpecification\",\"valueRequired\":true,\"valueName\":\"search_term_string\"}}],\"inLanguage\":\"fr-FR\"},{\"@type\":\"Organization\",\"@id\":\"https:\\\/\\\/albertodelcerro.com\\\/#organization\",\"name\":\"Hijos de Alberto del Cerro\",\"url\":\"https:\\\/\\\/albertodelcerro.com\\\/\",\"logo\":{\"@type\":\"ImageObject\",\"inLanguage\":\"fr-FR\",\"@id\":\"https:\\\/\\\/albertodelcerro.com\\\/#\\\/schema\\\/logo\\\/image\\\/\",\"url\":\"https:\\\/\\\/albertodelcerro.com\\\/wp-content\\\/uploads\\\/2025\\\/05\\\/Logotipo.svg\",\"contentUrl\":\"https:\\\/\\\/albertodelcerro.com\\\/wp-content\\\/uploads\\\/2025\\\/05\\\/Logotipo.svg\",\"width\":557,\"height\":229,\"caption\":\"Hijos de Alberto del Cerro\"},\"image\":{\"@id\":\"https:\\\/\\\/albertodelcerro.com\\\/#\\\/schema\\\/logo\\\/image\\\/\"}}]}<\/script>\n<!-- \/ Yoast SEO plugin. -->","yoast_head_json":{"title":"Pol\u00edtica de privacidad - Hijos de Alberto del Cerro","robots":{"index":"index","follow":"follow","max-snippet":"max-snippet:-1","max-image-preview":"max-image-preview:large","max-video-preview":"max-video-preview:-1"},"canonical":"https:\/\/albertodelcerro.com\/fr\/politica-de-privacidad\/","og_locale":"fr_FR","og_type":"article","og_title":"Pol\u00edtica de privacidad - Hijos de Alberto del Cerro","og_description":"1. INFORMACI\u00d3N AL USUARIO \u00bfQui\u00e9n es el responsable del tratamiento de tus datos personales? HIJOS DE ALBERTO DEL CERRO, S.L. es el RESPONSABLE del tratamiento de los datos personales del USUARIO y le informa de que estos datos ser\u00e1n tratados de conformidad con lo dispuesto en el Reglamento (UE) 2016\/679, de 27 de abril (GDPR), [&hellip;]","og_url":"https:\/\/albertodelcerro.com\/fr\/politica-de-privacidad\/","og_site_name":"Hijos de Alberto del Cerro","twitter_card":"summary_large_image","twitter_misc":{"Dur\u00e9e de lecture estim\u00e9e":"4 minutes"},"schema":{"@context":"https:\/\/schema.org","@graph":[{"@type":"WebPage","@id":"https:\/\/albertodelcerro.com\/politica-de-privacidad\/","url":"https:\/\/albertodelcerro.com\/politica-de-privacidad\/","name":"Pol\u00edtica de privacidad - Hijos de Alberto del Cerro","isPartOf":{"@id":"https:\/\/albertodelcerro.com\/#website"},"datePublished":"2025-07-09T00:45:18+00:00","breadcrumb":{"@id":"https:\/\/albertodelcerro.com\/politica-de-privacidad\/#breadcrumb"},"inLanguage":"fr-FR","potentialAction":[{"@type":"ReadAction","target":["https:\/\/albertodelcerro.com\/politica-de-privacidad\/"]}]},{"@type":"BreadcrumbList","@id":"https:\/\/albertodelcerro.com\/politica-de-privacidad\/#breadcrumb","itemListElement":[{"@type":"ListItem","position":1,"name":"Portada","item":"https:\/\/albertodelcerro.com\/"},{"@type":"ListItem","position":2,"name":"Pol\u00edtica de privacidad"}]},{"@type":"WebSite","@id":"https:\/\/albertodelcerro.com\/#website","url":"https:\/\/albertodelcerro.com\/","name":"Hijos de Alberto del Cerro","description":"","publisher":{"@id":"https:\/\/albertodelcerro.com\/#organization"},"potentialAction":[{"@type":"SearchAction","target":{"@type":"EntryPoint","urlTemplate":"https:\/\/albertodelcerro.com\/?s={search_term_string}"},"query-input":{"@type":"PropertyValueSpecification","valueRequired":true,"valueName":"search_term_string"}}],"inLanguage":"fr-FR"},{"@type":"Organization","@id":"https:\/\/albertodelcerro.com\/#organization","name":"Hijos de Alberto del Cerro","url":"https:\/\/albertodelcerro.com\/","logo":{"@type":"ImageObject","inLanguage":"fr-FR","@id":"https:\/\/albertodelcerro.com\/#\/schema\/logo\/image\/","url":"https:\/\/albertodelcerro.com\/wp-content\/uploads\/2025\/05\/Logotipo.svg","contentUrl":"https:\/\/albertodelcerro.com\/wp-content\/uploads\/2025\/05\/Logotipo.svg","width":557,"height":229,"caption":"Hijos de Alberto del Cerro"},"image":{"@id":"https:\/\/albertodelcerro.com\/#\/schema\/logo\/image\/"}}]}},"_links":{"self":[{"href":"https:\/\/albertodelcerro.com\/fr\/wp-json\/wp\/v2\/pages\/1439","targetHints":{"allow":["GET"]}}],"collection":[{"href":"https:\/\/albertodelcerro.com\/fr\/wp-json\/wp\/v2\/pages"}],"about":[{"href":"https:\/\/albertodelcerro.com\/fr\/wp-json\/wp\/v2\/types\/page"}],"author":[{"embeddable":true,"href":"https:\/\/albertodelcerro.com\/fr\/wp-json\/wp\/v2\/users\/1"}],"replies":[{"embeddable":true,"href":"https:\/\/albertodelcerro.com\/fr\/wp-json\/wp\/v2\/comments?post=1439"}],"version-history":[{"count":1,"href":"https:\/\/albertodelcerro.com\/fr\/wp-json\/wp\/v2\/pages\/1439\/revisions"}],"predecessor-version":[{"id":1440,"href":"https:\/\/albertodelcerro.com\/fr\/wp-json\/wp\/v2\/pages\/1439\/revisions\/1440"}],"wp:attachment":[{"href":"https:\/\/albertodelcerro.com\/fr\/wp-json\/wp\/v2\/media?parent=1439"}],"curies":[{"name":"wp","href":"https:\/\/api.w.org\/{rel}","templated":true}]}}