{"id":434,"date":"2025-05-22T06:04:51","date_gmt":"2025-05-22T06:04:51","guid":{"rendered":"https:\/\/albertodelcerro.com\/?page_id=434"},"modified":"2026-04-14T12:39:54","modified_gmt":"2026-04-14T12:39:54","slug":"calidad-y-seguridad","status":"publish","type":"page","link":"https:\/\/albertodelcerro.com\/fr\/calidad-y-seguridad\/","title":{"rendered":"Qualit\u00e9 et s\u00e9curit\u00e9"},"content":{"rendered":"<div data-elementor-type=\"wp-page\" data-elementor-id=\"434\" class=\"elementor elementor-434\" data-elementor-post-type=\"page\">\n\t\t\t\t<div class=\"elementor-element elementor-element-c443d7e e-con-full e-flex e-con e-parent\" data-id=\"c443d7e\" data-element_type=\"container\" data-e-type=\"container\">\n\t\t<div class=\"elementor-element elementor-element-850959a e-con-full e-flex e-con e-child\" data-id=\"850959a\" data-element_type=\"container\" data-e-type=\"container\">\n\t\t\t\t<div class=\"elementor-element elementor-element-fb061ef animated-slow elementor-invisible elementor-widget elementor-widget-heading\" data-id=\"fb061ef\" data-element_type=\"widget\" data-e-type=\"widget\" data-settings=\"{&quot;_animation&quot;:&quot;fadeInUp&quot;}\" data-widget_type=\"heading.default\">\n\t\t\t\t<div class=\"elementor-widget-container\">\n\t\t\t\t\t<h1 class=\"elementor-heading-title elementor-size-default\">Qualit\u00e9 et s\u00e9curit\u00e9<\/h1>\t\t\t\t<\/div>\n\t\t\t\t<\/div>\n\t\t\t\t<div class=\"elementor-element elementor-element-294fff9 elementor-widget__width-initial elementor-widget elementor-widget-heading\" data-id=\"294fff9\" data-element_type=\"widget\" data-e-type=\"widget\" data-widget_type=\"heading.default\">\n\t\t\t\t<div class=\"elementor-widget-container\">\n\t\t\t\t\t<p class=\"elementor-heading-title elementor-size-default\">Chez Hijos de Alberto del Cerro, la qualit\u00e9 et la s\u00e9curit\u00e9 alimentaire de nos citrons sont une priorit\u00e9 absolue. En tant que producteurs et exportateurs, toute notre \u00e9quipe s\u2019implique pour garantir que chaque citron que nous exp\u00e9dions dans le monde respecte les normes les plus \u00e9lev\u00e9es.<\/p>\t\t\t\t<\/div>\n\t\t\t\t<\/div>\n\t\t\t\t<\/div>\n\t\t\t\t<div class=\"elementor-element elementor-element-291423d elementor-widget-divider--view-line elementor-widget elementor-widget-divider\" data-id=\"291423d\" data-element_type=\"widget\" data-e-type=\"widget\" data-widget_type=\"divider.default\">\n\t\t\t\t<div class=\"elementor-widget-container\">\n\t\t\t\t\t\t\t<div class=\"elementor-divider\">\n\t\t\t<span class=\"elementor-divider-separator\">\n\t\t\t\t\t\t<\/span>\n\t\t<\/div>\n\t\t\t\t\t\t<\/div>\n\t\t\t\t<\/div>\n\t\t\t\t<\/div>\n\t\t<div class=\"elementor-element elementor-element-980e5d5 e-con-full e-flex e-con e-parent\" data-id=\"980e5d5\" data-element_type=\"container\" data-e-type=\"container\">\n\t\t<div class=\"elementor-element elementor-element-4419191 e-con-full e-flex e-con e-child\" data-id=\"4419191\" data-element_type=\"container\" data-e-type=\"container\">\n\t\t\t\t<div class=\"elementor-element elementor-element-e8fefe6 elementor-widget__width-initial elementor-widget elementor-widget-heading\" data-id=\"e8fefe6\" data-element_type=\"widget\" data-e-type=\"widget\" data-widget_type=\"heading.default\">\n\t\t\t\t<div class=\"elementor-widget-container\">\n\t\t\t\t\t<h3 class=\"elementor-heading-title elementor-size-default\">Notre engagement <br>ambiental <\/h3>\t\t\t\t<\/div>\n\t\t\t\t<\/div>\n\t\t\t\t<div class=\"elementor-element elementor-element-25eb8d1 elementor-widget-tablet__width-initial elementor-widget elementor-widget-text-editor\" data-id=\"25eb8d1\" data-element_type=\"widget\" data-e-type=\"widget\" data-widget_type=\"text-editor.default\">\n\t\t\t\t<div class=\"elementor-widget-container\">\n\t\t\t\t\t\t\t\t\t<p>Nous prenons soin de l\u2019environnement et des personnes, car produire de mani\u00e8re responsable fait aussi partie de la qualit\u00e9.<\/p>\t\t\t\t\t\t\t\t<\/div>\n\t\t\t\t<\/div>\n\t\t\t\t<\/div>\n\t\t<div class=\"elementor-element elementor-element-ef01b24 e-con-full e-grid e-con e-child\" data-id=\"ef01b24\" data-element_type=\"container\" data-e-type=\"container\">\n\t\t\t\t<div class=\"elementor-element elementor-element-f94703e elementor-view-default elementor-position-block-start elementor-mobile-position-block-start elementor-widget elementor-widget-icon-box\" data-id=\"f94703e\" data-element_type=\"widget\" data-e-type=\"widget\" data-widget_type=\"icon-box.default\">\n\t\t\t\t<div class=\"elementor-widget-container\">\n\t\t\t\t\t\t\t<div class=\"elementor-icon-box-wrapper\">\n\n\t\t\t\t\t\t<div class=\"elementor-icon-box-icon\">\n\t\t\t\t<span  class=\"elementor-icon\">\n\t\t\t\t<svg aria-hidden=\"true\" class=\"e-font-icon-svg e-far-check-circle\" viewbox=\"0 0 512 512\" xmlns=\"http:\/\/www.w3.org\/2000\/svg\"><path d=\"M256 8C119.033 8 8 119.033 8 256s111.033 248 248 248 248-111.033 248-248S392.967 8 256 8zm0 48c110.532 0 200 89.451 200 200 0 110.532-89.451 200-200 200-110.532 0-200-89.451-200-200 0-110.532 89.451-200 200-200m140.204 130.267l-22.536-22.718c-4.667-4.705-12.265-4.736-16.97-.068L215.346 303.697l-59.792-60.277c-4.667-4.705-12.265-4.736-16.97-.069l-22.719 22.536c-4.705 4.667-4.736 12.265-.068 16.971l90.781 91.516c4.667 4.705 12.265 4.736 16.97.068l172.589-171.204c4.704-4.668 4.734-12.266.067-16.971z\"><\/path><\/svg>\t\t\t\t<\/span>\n\t\t\t<\/div>\n\t\t\t\n\t\t\t\t\t\t<div class=\"elementor-icon-box-content\">\n\n\t\t\t\t\t\t\t\t\t<h3 class=\"elementor-icon-box-title\">\n\t\t\t\t\t\t<span  >\n\t\t\t\t\t\t\t1. Production responsable\t\t\t\t\t\t<\/span>\n\t\t\t\t\t<\/h3>\n\t\t\t\t\n\t\t\t\t\t\t\t\t\t<p class=\"elementor-icon-box-description\">\n\t\t\t\t\t\tNotre syst\u00e8me de gestion int\u00e8gre conjointement la qualit\u00e9, l\u2019environnement, la s\u00e9curit\u00e9 au travail et la responsabilit\u00e9 sociale, avec la certification ISO 14001 et un engagement r\u00e9el \u00e0 chaque \u00e9tape du processus.\t\t\t\t\t<\/p>\n\t\t\t\t\n\t\t\t<\/div>\n\t\t\t\n\t\t<\/div>\n\t\t\t\t\t\t<\/div>\n\t\t\t\t<\/div>\n\t\t\t\t<div class=\"elementor-element elementor-element-4092572 elementor-view-default elementor-position-block-start elementor-mobile-position-block-start elementor-widget elementor-widget-icon-box\" data-id=\"4092572\" data-element_type=\"widget\" data-e-type=\"widget\" data-widget_type=\"icon-box.default\">\n\t\t\t\t<div class=\"elementor-widget-container\">\n\t\t\t\t\t\t\t<div class=\"elementor-icon-box-wrapper\">\n\n\t\t\t\t\t\t<div class=\"elementor-icon-box-icon\">\n\t\t\t\t<span  class=\"elementor-icon\">\n\t\t\t\t<svg aria-hidden=\"true\" class=\"e-font-icon-svg e-far-check-circle\" viewbox=\"0 0 512 512\" xmlns=\"http:\/\/www.w3.org\/2000\/svg\"><path d=\"M256 8C119.033 8 8 119.033 8 256s111.033 248 248 248 248-111.033 248-248S392.967 8 256 8zm0 48c110.532 0 200 89.451 200 200 0 110.532-89.451 200-200 200-110.532 0-200-89.451-200-200 0-110.532 89.451-200 200-200m140.204 130.267l-22.536-22.718c-4.667-4.705-12.265-4.736-16.97-.068L215.346 303.697l-59.792-60.277c-4.667-4.705-12.265-4.736-16.97-.069l-22.719 22.536c-4.705 4.667-4.736 12.265-.068 16.971l90.781 91.516c4.667 4.705 12.265 4.736 16.97.068l172.589-171.204c4.704-4.668 4.734-12.266.067-16.971z\"><\/path><\/svg>\t\t\t\t<\/span>\n\t\t\t<\/div>\n\t\t\t\n\t\t\t\t\t\t<div class=\"elementor-icon-box-content\">\n\n\t\t\t\t\t\t\t\t\t<h3 class=\"elementor-icon-box-title\">\n\t\t\t\t\t\t<span  >\n\t\t\t\t\t\t\t2. Moindre impact, meilleurs produits\t\t\t\t\t\t<\/span>\n\t\t\t\t\t<\/h3>\n\t\t\t\t\n\t\t\t\t\t\t\t\t\t<p class=\"elementor-icon-box-description\">\n\t\t\t\t\t\tNous travaillons \u00e0 minimiser notre empreinte : nous utilisons l\u2019eau de mani\u00e8re responsable (certification SPRING), r\u00e9duisons l\u2019usage des plastiques et fixons des objectifs annuels de durabilit\u00e9 et d\u2019efficacit\u00e9.\t\t\t\t\t<\/p>\n\t\t\t\t\n\t\t\t<\/div>\n\t\t\t\n\t\t<\/div>\n\t\t\t\t\t\t<\/div>\n\t\t\t\t<\/div>\n\t\t\t\t<div class=\"elementor-element elementor-element-751aa7c elementor-view-default elementor-position-block-start elementor-mobile-position-block-start elementor-widget elementor-widget-icon-box\" data-id=\"751aa7c\" data-element_type=\"widget\" data-e-type=\"widget\" data-widget_type=\"icon-box.default\">\n\t\t\t\t<div class=\"elementor-widget-container\">\n\t\t\t\t\t\t\t<div class=\"elementor-icon-box-wrapper\">\n\n\t\t\t\t\t\t<div class=\"elementor-icon-box-icon\">\n\t\t\t\t<span  class=\"elementor-icon\">\n\t\t\t\t<svg aria-hidden=\"true\" class=\"e-font-icon-svg e-far-check-circle\" viewbox=\"0 0 512 512\" xmlns=\"http:\/\/www.w3.org\/2000\/svg\"><path d=\"M256 8C119.033 8 8 119.033 8 256s111.033 248 248 248 248-111.033 248-248S392.967 8 256 8zm0 48c110.532 0 200 89.451 200 200 0 110.532-89.451 200-200 200-110.532 0-200-89.451-200-200 0-110.532 89.451-200 200-200m140.204 130.267l-22.536-22.718c-4.667-4.705-12.265-4.736-16.97-.068L215.346 303.697l-59.792-60.277c-4.667-4.705-12.265-4.736-16.97-.069l-22.719 22.536c-4.705 4.667-4.736 12.265-.068 16.971l90.781 91.516c4.667 4.705 12.265 4.736 16.97.068l172.589-171.204c4.704-4.668 4.734-12.266.067-16.971z\"><\/path><\/svg>\t\t\t\t<\/span>\n\t\t\t<\/div>\n\t\t\t\n\t\t\t\t\t\t<div class=\"elementor-icon-box-content\">\n\n\t\t\t\t\t\t\t\t\t<h3 class=\"elementor-icon-box-title\">\n\t\t\t\t\t\t<span  >\n\t\t\t\t\t\t\t3. Les personnes <br>au centre\t\t\t\t\t\t<\/span>\n\t\t\t\t\t<\/h3>\n\t\t\t\t\n\t\t\t\t\t\t\t\t\t<p class=\"elementor-icon-box-description\">\n\t\t\t\t\t\tNous favorisons un environnement de travail s\u00fbr, r\u00e9alisons des audits internes r\u00e9guliers et am\u00e9liorons continuellement nos pratiques afin de prendre soin de notre \u00e9quipe et de garantir l\u2019excellence \u00e0 chaque \u00e9tape.\t\t\t\t\t<\/p>\n\t\t\t\t\n\t\t\t<\/div>\n\t\t\t\n\t\t<\/div>\n\t\t\t\t\t\t<\/div>\n\t\t\t\t<\/div>\n\t\t\t\t<\/div>\n\t\t\t\t<\/div>\n\t\t<div class=\"elementor-element elementor-element-90adf55 e-con-full e-flex e-con e-parent\" data-id=\"90adf55\" data-element_type=\"container\" data-e-type=\"container\">\n\t\t<div class=\"elementor-element elementor-element-01618ac e-con-full e-flex e-con e-child\" data-id=\"01618ac\" data-element_type=\"container\" data-e-type=\"container\">\n\t\t\t\t<div class=\"elementor-element elementor-element-64904de elementor-widget__width-initial elementor-widget elementor-widget-heading\" data-id=\"64904de\" data-element_type=\"widget\" data-e-type=\"widget\" data-widget_type=\"heading.default\">\n\t\t\t\t<div class=\"elementor-widget-container\">\n\t\t\t\t\t<h3 class=\"elementor-heading-title elementor-size-default\">Qualit\u00e9 de la r\u00e9colte \u00e0 l\u2019emballage<\/h3>\t\t\t\t<\/div>\n\t\t\t\t<\/div>\n\t\t\t\t<div class=\"elementor-element elementor-element-2f00329 elementor-widget elementor-widget-text-editor\" data-id=\"2f00329\" data-element_type=\"widget\" data-e-type=\"widget\" data-widget_type=\"text-editor.default\">\n\t\t\t\t<div class=\"elementor-widget-container\">\n\t\t\t\t\t\t\t\t\t<p class=\"translation-block\">Nous r\u00e9coltons chaque citron \u00e0 son <strong>point optimal<\/strong> de maturit\u00e9 afin de garantir sa saveur et sa fra\u00eecheur. Dans nos installations, les fruits sont tri\u00e9s par calibre et par aspect \u00e0 l\u2019aide du calibreur \u00e9lectronique, et nous \u00e9cartons toute pi\u00e8ce qui ne r\u00e9pond pas \u00e0 nos standards.<\/p><p class=\"translation-block\">Nous appliquons des <strong>contr\u00f4les rigoureux de s\u00e9curit\u00e9 sanitaire<\/strong>, en analysant les r\u00e9sidus, l\u2019eau et les surfaces, aussi bien pour le citron conventionnel que biologique. Nous suivons le syst\u00e8me HACCP et <strong>formons en continu notre \u00e9quipe<\/strong> afin de garantir un produit s\u00fbr, homog\u00e8ne et digne de confiance.<\/p>\t\t\t\t\t\t\t\t<\/div>\n\t\t\t\t<\/div>\n\t\t\t\t<\/div>\n\t\t<div class=\"elementor-element elementor-element-4d3f0e0 e-con-full e-flex e-con e-child\" data-id=\"4d3f0e0\" data-element_type=\"container\" data-e-type=\"container\" data-settings=\"{&quot;background_background&quot;:&quot;classic&quot;}\">\n\t\t\t\t<\/div>\n\t\t\t\t<\/div>\n\t\t\t\t<\/div>","protected":false},"excerpt":{"rendered":"<p>Calidad y Seguridad En Hijos de Alberto del Cerro, la calidad y la seguridad alimentaria de nuestros limones son una prioridad absoluta. Como productores y exportadores, todo nuestro equipo est\u00e1 involucrado en asegurar que cada lim\u00f3n que enviamos al mundo cumpla con los m\u00e1s altos est\u00e1ndares. Compromiso ambiental Cuidamos el entorno y a las personas, [&hellip;]<\/p>\n","protected":false},"author":1,"featured_media":0,"parent":0,"menu_order":0,"comment_status":"closed","ping_status":"closed","template":"","meta":{"footnotes":""},"class_list":["post-434","page","type-page","status-publish","hentry"],"yoast_head":"<!-- This site is optimized with the Yoast SEO plugin v27.4 - https:\/\/yoast.com\/product\/yoast-seo-wordpress\/ -->\n<title>Calidad y Seguridad - Hijos de Alberto del Cerro<\/title>\n<meta name=\"robots\" content=\"index, follow, max-snippet:-1, max-image-preview:large, max-video-preview:-1\" \/>\n<link rel=\"canonical\" href=\"https:\/\/albertodelcerro.com\/fr\/calidad-y-seguridad\/\" \/>\n<meta property=\"og:locale\" content=\"fr_FR\" \/>\n<meta property=\"og:type\" content=\"article\" \/>\n<meta property=\"og:title\" content=\"Calidad y Seguridad - Hijos de Alberto del Cerro\" \/>\n<meta property=\"og:description\" content=\"Calidad y Seguridad En Hijos de Alberto del Cerro, la calidad y la seguridad alimentaria de nuestros limones son una prioridad absoluta. Como productores y exportadores, todo nuestro equipo est\u00e1 involucrado en asegurar que cada lim\u00f3n que enviamos al mundo cumpla con los m\u00e1s altos est\u00e1ndares. Compromiso ambiental Cuidamos el entorno y a las personas, [&hellip;]\" \/>\n<meta property=\"og:url\" content=\"https:\/\/albertodelcerro.com\/fr\/calidad-y-seguridad\/\" \/>\n<meta property=\"og:site_name\" content=\"Hijos de Alberto del Cerro\" \/>\n<meta property=\"article:modified_time\" content=\"2026-04-14T12:39:54+00:00\" \/>\n<meta name=\"twitter:card\" content=\"summary_large_image\" \/>\n<meta name=\"twitter:label1\" content=\"Dur\u00e9e de lecture estim\u00e9e\" \/>\n\t<meta name=\"twitter:data1\" content=\"1 minute\" \/>\n<script type=\"application\/ld+json\" class=\"yoast-schema-graph\">{\"@context\":\"https:\\\/\\\/schema.org\",\"@graph\":[{\"@type\":\"WebPage\",\"@id\":\"https:\\\/\\\/albertodelcerro.com\\\/calidad-y-seguridad\\\/\",\"url\":\"https:\\\/\\\/albertodelcerro.com\\\/calidad-y-seguridad\\\/\",\"name\":\"Calidad y Seguridad - Hijos de Alberto del Cerro\",\"isPartOf\":{\"@id\":\"https:\\\/\\\/albertodelcerro.com\\\/#website\"},\"datePublished\":\"2025-05-22T06:04:51+00:00\",\"dateModified\":\"2026-04-14T12:39:54+00:00\",\"breadcrumb\":{\"@id\":\"https:\\\/\\\/albertodelcerro.com\\\/calidad-y-seguridad\\\/#breadcrumb\"},\"inLanguage\":\"fr-FR\",\"potentialAction\":[{\"@type\":\"ReadAction\",\"target\":[\"https:\\\/\\\/albertodelcerro.com\\\/calidad-y-seguridad\\\/\"]}]},{\"@type\":\"BreadcrumbList\",\"@id\":\"https:\\\/\\\/albertodelcerro.com\\\/calidad-y-seguridad\\\/#breadcrumb\",\"itemListElement\":[{\"@type\":\"ListItem\",\"position\":1,\"name\":\"Portada\",\"item\":\"https:\\\/\\\/albertodelcerro.com\\\/\"},{\"@type\":\"ListItem\",\"position\":2,\"name\":\"Calidad y Seguridad\"}]},{\"@type\":\"WebSite\",\"@id\":\"https:\\\/\\\/albertodelcerro.com\\\/#website\",\"url\":\"https:\\\/\\\/albertodelcerro.com\\\/\",\"name\":\"Hijos de Alberto del Cerro\",\"description\":\"\",\"publisher\":{\"@id\":\"https:\\\/\\\/albertodelcerro.com\\\/#organization\"},\"potentialAction\":[{\"@type\":\"SearchAction\",\"target\":{\"@type\":\"EntryPoint\",\"urlTemplate\":\"https:\\\/\\\/albertodelcerro.com\\\/?s={search_term_string}\"},\"query-input\":{\"@type\":\"PropertyValueSpecification\",\"valueRequired\":true,\"valueName\":\"search_term_string\"}}],\"inLanguage\":\"fr-FR\"},{\"@type\":\"Organization\",\"@id\":\"https:\\\/\\\/albertodelcerro.com\\\/#organization\",\"name\":\"Hijos de Alberto del Cerro\",\"url\":\"https:\\\/\\\/albertodelcerro.com\\\/\",\"logo\":{\"@type\":\"ImageObject\",\"inLanguage\":\"fr-FR\",\"@id\":\"https:\\\/\\\/albertodelcerro.com\\\/#\\\/schema\\\/logo\\\/image\\\/\",\"url\":\"https:\\\/\\\/albertodelcerro.com\\\/wp-content\\\/uploads\\\/2025\\\/05\\\/Logotipo.svg\",\"contentUrl\":\"https:\\\/\\\/albertodelcerro.com\\\/wp-content\\\/uploads\\\/2025\\\/05\\\/Logotipo.svg\",\"width\":557,\"height\":229,\"caption\":\"Hijos de Alberto del Cerro\"},\"image\":{\"@id\":\"https:\\\/\\\/albertodelcerro.com\\\/#\\\/schema\\\/logo\\\/image\\\/\"}}]}<\/script>\n<!-- \/ Yoast SEO plugin. -->","yoast_head_json":{"title":"Calidad y Seguridad - Hijos de Alberto del Cerro","robots":{"index":"index","follow":"follow","max-snippet":"max-snippet:-1","max-image-preview":"max-image-preview:large","max-video-preview":"max-video-preview:-1"},"canonical":"https:\/\/albertodelcerro.com\/fr\/calidad-y-seguridad\/","og_locale":"fr_FR","og_type":"article","og_title":"Calidad y Seguridad - Hijos de Alberto del Cerro","og_description":"Calidad y Seguridad En Hijos de Alberto del Cerro, la calidad y la seguridad alimentaria de nuestros limones son una prioridad absoluta. Como productores y exportadores, todo nuestro equipo est\u00e1 involucrado en asegurar que cada lim\u00f3n que enviamos al mundo cumpla con los m\u00e1s altos est\u00e1ndares. Compromiso ambiental Cuidamos el entorno y a las personas, [&hellip;]","og_url":"https:\/\/albertodelcerro.com\/fr\/calidad-y-seguridad\/","og_site_name":"Hijos de Alberto del Cerro","article_modified_time":"2026-04-14T12:39:54+00:00","twitter_card":"summary_large_image","twitter_misc":{"Dur\u00e9e de lecture estim\u00e9e":"1 minute"},"schema":{"@context":"https:\/\/schema.org","@graph":[{"@type":"WebPage","@id":"https:\/\/albertodelcerro.com\/calidad-y-seguridad\/","url":"https:\/\/albertodelcerro.com\/calidad-y-seguridad\/","name":"Calidad y Seguridad - Hijos de Alberto del Cerro","isPartOf":{"@id":"https:\/\/albertodelcerro.com\/#website"},"datePublished":"2025-05-22T06:04:51+00:00","dateModified":"2026-04-14T12:39:54+00:00","breadcrumb":{"@id":"https:\/\/albertodelcerro.com\/calidad-y-seguridad\/#breadcrumb"},"inLanguage":"fr-FR","potentialAction":[{"@type":"ReadAction","target":["https:\/\/albertodelcerro.com\/calidad-y-seguridad\/"]}]},{"@type":"BreadcrumbList","@id":"https:\/\/albertodelcerro.com\/calidad-y-seguridad\/#breadcrumb","itemListElement":[{"@type":"ListItem","position":1,"name":"Portada","item":"https:\/\/albertodelcerro.com\/"},{"@type":"ListItem","position":2,"name":"Calidad y Seguridad"}]},{"@type":"WebSite","@id":"https:\/\/albertodelcerro.com\/#website","url":"https:\/\/albertodelcerro.com\/","name":"Hijos de Alberto del Cerro","description":"","publisher":{"@id":"https:\/\/albertodelcerro.com\/#organization"},"potentialAction":[{"@type":"SearchAction","target":{"@type":"EntryPoint","urlTemplate":"https:\/\/albertodelcerro.com\/?s={search_term_string}"},"query-input":{"@type":"PropertyValueSpecification","valueRequired":true,"valueName":"search_term_string"}}],"inLanguage":"fr-FR"},{"@type":"Organization","@id":"https:\/\/albertodelcerro.com\/#organization","name":"Hijos de Alberto del Cerro","url":"https:\/\/albertodelcerro.com\/","logo":{"@type":"ImageObject","inLanguage":"fr-FR","@id":"https:\/\/albertodelcerro.com\/#\/schema\/logo\/image\/","url":"https:\/\/albertodelcerro.com\/wp-content\/uploads\/2025\/05\/Logotipo.svg","contentUrl":"https:\/\/albertodelcerro.com\/wp-content\/uploads\/2025\/05\/Logotipo.svg","width":557,"height":229,"caption":"Hijos de Alberto del Cerro"},"image":{"@id":"https:\/\/albertodelcerro.com\/#\/schema\/logo\/image\/"}}]}},"_links":{"self":[{"href":"https:\/\/albertodelcerro.com\/fr\/wp-json\/wp\/v2\/pages\/434","targetHints":{"allow":["GET"]}}],"collection":[{"href":"https:\/\/albertodelcerro.com\/fr\/wp-json\/wp\/v2\/pages"}],"about":[{"href":"https:\/\/albertodelcerro.com\/fr\/wp-json\/wp\/v2\/types\/page"}],"author":[{"embeddable":true,"href":"https:\/\/albertodelcerro.com\/fr\/wp-json\/wp\/v2\/users\/1"}],"replies":[{"embeddable":true,"href":"https:\/\/albertodelcerro.com\/fr\/wp-json\/wp\/v2\/comments?post=434"}],"version-history":[{"count":61,"href":"https:\/\/albertodelcerro.com\/fr\/wp-json\/wp\/v2\/pages\/434\/revisions"}],"predecessor-version":[{"id":1722,"href":"https:\/\/albertodelcerro.com\/fr\/wp-json\/wp\/v2\/pages\/434\/revisions\/1722"}],"wp:attachment":[{"href":"https:\/\/albertodelcerro.com\/fr\/wp-json\/wp\/v2\/media?parent=434"}],"curies":[{"name":"wp","href":"https:\/\/api.w.org\/{rel}","templated":true}]}}